{"id":4814,"date":"2025-02-24T09:58:27","date_gmt":"2025-02-24T08:58:27","guid":{"rendered":"https:\/\/slovenianjewelryweek.com\/exhibitions-sijw-2024\/"},"modified":"2025-02-24T10:13:48","modified_gmt":"2025-02-24T10:13:48","slug":"exhibitions-sijw-2024","status":"publish","type":"page","link":"https:\/\/slovenianjewelryweek.com\/sl\/sijw-2024\/program-sijw-2024\/exhibitions-sijw-2024\/","title":{"rendered":"Razstave &#8211; SIJW 2024"},"content":{"rendered":"\t\t<div data-elementor-type=\"wp-page\" data-elementor-id=\"4814\" class=\"elementor elementor-4814 elementor-4797\">\n\t\t\t\t<div class=\"wd-negative-gap elementor-element elementor-element-4a5f32b e-flex e-con-boxed e-con e-parent\" data-id=\"4a5f32b\" data-element_type=\"container\" data-e-type=\"container\">\n\t\t\t\t\t<div class=\"e-con-inner\">\n\t\t<div class=\"elementor-element elementor-element-8939698 e-con-full e-flex e-con e-child\" data-id=\"8939698\" data-element_type=\"container\" data-e-type=\"container\">\n\t\t\t\t<div class=\"elementor-element elementor-element-249cb4c wd-width-100 elementor-widget elementor-widget-wd_title\" data-id=\"249cb4c\" data-element_type=\"widget\" data-e-type=\"widget\" data-widget_type=\"wd_title.default\">\n\t\t\t\t<div class=\"elementor-widget-container\">\n\t\t\t\t\t\t\t<div class=\"title-wrapper wd-set-mb reset-last-child wd-title-color-default wd-title-style-default wd-title-size-extra-large text-center\">\n\n\t\t\t\t\t\t\t\t\t\t\t<div class=\"title-subtitle subtitle-color-default subtitle-style-default wd-fontsize-m\">\n\t\t\t\t\tSLOVENSKI TEDEN NAKITA 2024\t\t\t\t<\/div>\n\t\t\t\n\t\t\t<div class=\"liner-continer\">\n\t\t\t\t<h1 class=\"woodmart-title-container title wd-fontsize-xxxl wd-underline-colored\">Razstave<\/h1> \n\t\t\t\t\t\t\t<\/div>\n\n\t\t\t\t\t<\/div>\n\t\t\t\t\t\t<\/div>\n\t\t\t\t<\/div>\n\t\t\t\t<\/div>\n\t\t\t\t\t<\/div>\n\t\t\t\t<\/div>\n\t\t<div class=\"wd-negative-gap elementor-element elementor-element-b8fd84a e-flex e-con-boxed e-con e-parent\" data-id=\"b8fd84a\" data-element_type=\"container\" data-e-type=\"container\">\n\t\t\t\t\t<div class=\"e-con-inner\">\n\t\t\t\t<div class=\"elementor-element elementor-element-a4db9f4 elementor-widget-divider--view-line elementor-widget elementor-widget-divider\" data-id=\"a4db9f4\" data-element_type=\"widget\" data-e-type=\"widget\" data-widget_type=\"divider.default\">\n\t\t\t\t<div class=\"elementor-widget-container\">\n\t\t\t\t\t\t\t<div class=\"elementor-divider\">\n\t\t\t<span class=\"elementor-divider-separator\">\n\t\t\t\t\t\t<\/span>\n\t\t<\/div>\n\t\t\t\t\t\t<\/div>\n\t\t\t\t<\/div>\n\t\t\t\t<div class=\"elementor-element elementor-element-7d3f314 wd-width-100 elementor-widget elementor-widget-wd_title\" data-id=\"7d3f314\" data-element_type=\"widget\" data-e-type=\"widget\" data-widget_type=\"wd_title.default\">\n\t\t\t\t<div class=\"elementor-widget-container\">\n\t\t\t\t\t\t\t<div class=\"title-wrapper wd-set-mb reset-last-child wd-title-color-default wd-title-style-default wd-title-size-extra-large text-center\">\n\n\t\t\t\n\t\t\t<div class=\"liner-continer\">\n\t\t\t\t<h3 class=\"woodmart-title-container title wd-fontsize-xxxl wd-underline-colored\">1. Ljubljana<\/h3> \n\t\t\t\t\t\t\t<\/div>\n\n\t\t\t\t\t<\/div>\n\t\t\t\t\t\t<\/div>\n\t\t\t\t<\/div>\n\t\t\t\t<div class=\"elementor-element elementor-element-f0d0739 elementor-widget-divider--view-line elementor-widget elementor-widget-divider\" data-id=\"f0d0739\" data-element_type=\"widget\" data-e-type=\"widget\" data-widget_type=\"divider.default\">\n\t\t\t\t<div class=\"elementor-widget-container\">\n\t\t\t\t\t\t\t<div class=\"elementor-divider\">\n\t\t\t<span class=\"elementor-divider-separator\">\n\t\t\t\t\t\t<\/span>\n\t\t<\/div>\n\t\t\t\t\t\t<\/div>\n\t\t\t\t<\/div>\n\t\t\t\t\t<\/div>\n\t\t\t\t<\/div>\n\t\t<div class=\"wd-negative-gap elementor-element elementor-element-5f7138b e-flex e-con-boxed e-con e-parent\" data-id=\"5f7138b\" data-element_type=\"container\" data-e-type=\"container\">\n\t\t\t\t\t<div class=\"e-con-inner\">\n\t\t<div class=\"elementor-element elementor-element-43447e9 e-con-full e-flex e-con e-child\" data-id=\"43447e9\" data-element_type=\"container\" data-e-type=\"container\">\n\t\t<div class=\"elementor-element elementor-element-2e551ae e-con-full e-flex e-con e-child\" data-id=\"2e551ae\" data-element_type=\"container\" data-e-type=\"container\">\n\t\t\t\t<div class=\"elementor-element elementor-element-0c0b646 wd-width-100 elementor-widget elementor-widget-wd_title\" data-id=\"0c0b646\" data-element_type=\"widget\" data-e-type=\"widget\" data-widget_type=\"wd_title.default\">\n\t\t\t\t<div class=\"elementor-widget-container\">\n\t\t\t\t\t\t\t<div class=\"title-wrapper wd-set-mb reset-last-child wd-title-color-default wd-title-style-default wd-title-size-large text-left\">\n\n\t\t\t\n\t\t\t<div class=\"liner-continer\">\n\t\t\t\t<h4 class=\"woodmart-title-container title wd-fontsize-xxl\">OSREDNJA RAZSTAVA SIJW 2024: <br \/>\n - OB\u010cUTENJA<\/h4> \n\t\t\t\t\t\t\t<\/div>\n\n\t\t\t\t\t<\/div>\n\t\t\t\t\t\t<\/div>\n\t\t\t\t<\/div>\n\t\t\t\t<div class=\"elementor-element elementor-element-3889a58 elementor-widget elementor-widget-wd_text_block\" data-id=\"3889a58\" data-element_type=\"widget\" data-e-type=\"widget\" data-widget_type=\"wd_text_block.default\">\n\t\t\t\t<div class=\"elementor-widget-container\">\n\t\t\t\t\t\t\t<div class=\"wd-text-block reset-last-child text-left\">\n\t\t\t\n\t\t\t<p>Kustosi in koordinatorji razstave: Dalija Sega in Olga Ko\u0161ica, arhitektka Maja Stamenkovi\u0107 in Rok Marin\u0161ek Koordinatorke razstave s strani Centra Rog: Alja Fir, Tina Deu in Gordana Laci\u0107<br>Center Rog \u2013 Velika razstavna dvorana Trubarjeva 72, 1000 Ljubljana<\/p><p>OTVORITEV: Petek, 10. 5. 2024, ob 18.00 <br>OGLED RAZSTAVE: 9.\u201320. 5. 2024,<br>od ponedeljka do petka, od 11.00 do 19.00<br>v soboto 11.00 do 18.00<br><\/p>\n\t\t\t\t\t<\/div>\n\t\t\t\t\t\t<\/div>\n\t\t\t\t<\/div>\n\t\t\t\t<\/div>\n\t\t<div class=\"elementor-element elementor-element-bf22d0e e-con-full e-flex e-con e-child\" data-id=\"bf22d0e\" data-element_type=\"container\" data-e-type=\"container\">\n\t\t\t\t<div class=\"elementor-element elementor-element-2887edf elementor-widget elementor-widget-wd_text_block\" data-id=\"2887edf\" data-element_type=\"widget\" data-e-type=\"widget\" data-widget_type=\"wd_text_block.default\">\n\t\t\t\t<div class=\"elementor-widget-container\">\n\t\t\t\t\t\t\t<div class=\"wd-text-block reset-last-child text-left\">\n\t\t\t\n\t\t\t<p>Izbrani razstavljavci in gostje: Ale\u0161 Ho\u010devar, An\u017ee Mrak, Christoph Steidl Porenta, Dalija Sega, Huberto \u0160iroka, Kristina Drnov\u0161ek, Martina Lon\u010dar, Martina Obid Mlakar, Metka Mikuleti\u010d \u2013 Mimotho, Milica Bubanja, Nata\u0161a Dru\u0161kovi\u010d, Nata\u0161a Grandovec, Neja Kaligaro, Ne\u017ea \u017dehelj, Petra Bric, Sanda Vidmar, Sre\u010dko Molk Alice Biolo (UK), Andreia Gabriela Popescu (RO), \u00c5sa Lockner (SE), Benjamin Kavazovi\u0107 (BA), Estera Broda (PL), Esther Park (US), Joanna Muzyka (PL), Julian Graeve (DE), Lodovica Fusco (IT), M\u00f3nica Rom\u00e3ozinho (PT), Pilar Viedma (ES), R\u00f3is\u00edn de Buitl\u00e9ar (IE), Salvador Vico (ES), Stephie Morawetz (AT), Tetyana Kalyuzhna (UA), Yuki Yoshioka (JP)<\/p>\n\t\t\t\t\t<\/div>\n\t\t\t\t\t\t<\/div>\n\t\t\t\t<\/div>\n\t\t\t\t<div class=\"elementor-element elementor-element-b23e9e3 elementor-widget elementor-widget-wd_text_block\" data-id=\"b23e9e3\" data-element_type=\"widget\" data-e-type=\"widget\" data-widget_type=\"wd_text_block.default\">\n\t\t\t\t<div class=\"elementor-widget-container\">\n\t\t\t\t\t\t\t<div class=\"wd-text-block reset-last-child text-left\">\n\t\t\t\n\t\t\t<p>GOSTJE:<br>* <b>BIRMINGHAM COLLEGE OF JEWELLERY, Fashion and Textiles (UK)<\/b>, Minghui Zhou, Yeonjie Kim, Zidi Gong, Michael LinAyshin, Jalil Zadeh, Guanxu Wu<br>* <b>FACULTY OF DESIGN,<\/b> Jasna Hrovatin, Mojca Per\u0161e, Petra Kocjan\u010di\u010d<br>* <b>HOUSE ON MARS<\/b>, Anna Ray, Ela Bauer, Ella Fearon-Low, Faye Hall, Karin Herwegh, Katie Kameen, Laura Forte, Strazinsky, Tim Carson, Xinyi Chen<br>* <b>kunst.wirt.schaft <\/b>(AT), Andrea Zahlbruckner-Jaufer, Chiara Longari , Corina Hatzi, Elise Pierer, Gigi Haubenhofer-Salicites, Hanna Krotmayer, Helya Wernhart <br>* <b>LAPIDARIUM (CRO)<\/b>, Irineja \u0106ubela, Isabelle Bianchi Marchesseau, Ivan Mid\u017ei\u0107, Jan Vinciguerra, Karlo Kreki\u0107, Ljiljana Fabijani\u0107, Mara Fabijan\u010di\u0107 Borovi\u0107, Mario Nokaj, Silvio Hrn\u010dir, Smiljka Franji\u0107<br>* <b>PLUS ONE COLLECTIVE<\/b>, Barbara McFadyen (US), Ben Cooke-Akaiwa (US) , Cathy Timbrell (UK), Courtney DiMare (US) , Daniel DiCaprio (US) , Sarah Loch-Test (US) , Sishi Wang (US) , Susan Mannion (IE)<br>* <b>PRECIOUS COLLECTIVE (UK<\/b>), Ann Luz Castellanos (AR), ARTENTIA-Maria Garcia Villadangos (ES), Chok Sin Ni (SG), Julie Usel (CH), Militsa Milenkova (UK), Rachael Colley (UK), Sigrun Palmisano (AT), SOFI -Sophie B\u00e9langer (CA), Spam Glam-Hannah Almond (UK), Wiebke Pandikow (FI)<br>* <b>Romanian Jewellery Week (RO)<\/b>, CARA, Cleopatra Cosulet, Contemporia, Cziko Valentina, Kalita Jewellery, Logvin jewellery, Maria Paltin, Mihaela Caravan, Ramona Popescu, Semper Argentum<\/p>\n\t\t\t\t\t<\/div>\n\t\t\t\t\t\t<\/div>\n\t\t\t\t<\/div>\n\t\t\t\t<\/div>\n\t\t\t\t<\/div>\n\t\t\t\t\t<\/div>\n\t\t\t\t<\/div>\n\t\t<div class=\"wd-negative-gap elementor-element elementor-element-36f6ec8 e-flex e-con-boxed e-con e-parent\" data-id=\"36f6ec8\" data-element_type=\"container\" data-e-type=\"container\">\n\t\t\t\t\t<div class=\"e-con-inner\">\n\t\t\t\t<div class=\"elementor-element elementor-element-5be55b0 elementor-widget-divider--view-line elementor-widget elementor-widget-divider\" data-id=\"5be55b0\" data-element_type=\"widget\" data-e-type=\"widget\" data-widget_type=\"divider.default\">\n\t\t\t\t<div class=\"elementor-widget-container\">\n\t\t\t\t\t\t\t<div class=\"elementor-divider\">\n\t\t\t<span class=\"elementor-divider-separator\">\n\t\t\t\t\t\t<\/span>\n\t\t<\/div>\n\t\t\t\t\t\t<\/div>\n\t\t\t\t<\/div>\n\t\t\t\t<div class=\"elementor-element elementor-element-7e0a642 wd-width-100 elementor-widget elementor-widget-wd_title\" data-id=\"7e0a642\" data-element_type=\"widget\" data-e-type=\"widget\" data-widget_type=\"wd_title.default\">\n\t\t\t\t<div class=\"elementor-widget-container\">\n\t\t\t\t\t\t\t<div class=\"title-wrapper wd-set-mb reset-last-child wd-title-color-default wd-title-style-default wd-title-size-extra-large text-center\">\n\n\t\t\t\n\t\t\t<div class=\"liner-continer\">\n\t\t\t\t<h3 class=\"woodmart-title-container title wd-fontsize-xxxl wd-underline-colored\">2. Izola<\/h3> \n\t\t\t\t\t\t\t<\/div>\n\n\t\t\t\t\t<\/div>\n\t\t\t\t\t\t<\/div>\n\t\t\t\t<\/div>\n\t\t\t\t<div class=\"elementor-element elementor-element-fb9b67b elementor-widget-divider--view-line elementor-widget elementor-widget-divider\" data-id=\"fb9b67b\" data-element_type=\"widget\" data-e-type=\"widget\" data-widget_type=\"divider.default\">\n\t\t\t\t<div class=\"elementor-widget-container\">\n\t\t\t\t\t\t\t<div class=\"elementor-divider\">\n\t\t\t<span class=\"elementor-divider-separator\">\n\t\t\t\t\t\t<\/span>\n\t\t<\/div>\n\t\t\t\t\t\t<\/div>\n\t\t\t\t<\/div>\n\t\t\t\t\t<\/div>\n\t\t\t\t<\/div>\n\t\t<div class=\"wd-negative-gap elementor-element elementor-element-17135d2 e-flex e-con-boxed e-con e-parent\" data-id=\"17135d2\" data-element_type=\"container\" data-e-type=\"container\">\n\t\t\t\t\t<div class=\"e-con-inner\">\n\t\t<div class=\"elementor-element elementor-element-e628f31 e-con-full e-flex e-con e-child\" data-id=\"e628f31\" data-element_type=\"container\" data-e-type=\"container\">\n\t\t<div class=\"elementor-element elementor-element-15c50dc e-con-full e-flex e-con e-child\" data-id=\"15c50dc\" data-element_type=\"container\" data-e-type=\"container\">\n\t\t\t\t<div class=\"elementor-element elementor-element-3103b78 wd-width-100 elementor-widget elementor-widget-wd_title\" data-id=\"3103b78\" data-element_type=\"widget\" data-e-type=\"widget\" data-widget_type=\"wd_title.default\">\n\t\t\t\t<div class=\"elementor-widget-container\">\n\t\t\t\t\t\t\t<div class=\"title-wrapper wd-set-mb reset-last-child wd-title-color-default wd-title-style-default wd-title-size-large text-left\">\n\n\t\t\t\n\t\t\t<div class=\"liner-continer\">\n\t\t\t\t<h4 class=\"woodmart-title-container title wd-fontsize-xxl\">SIJW 2024<br \/>\n - OB\u010cUTENJA<\/h4> \n\t\t\t\t\t\t\t<\/div>\n\n\t\t\t\t\t<\/div>\n\t\t\t\t\t\t<\/div>\n\t\t\t\t<\/div>\n\t\t\t\t<div class=\"elementor-element elementor-element-d419bde elementor-widget elementor-widget-wd_text_block\" data-id=\"d419bde\" data-element_type=\"widget\" data-e-type=\"widget\" data-widget_type=\"wd_text_block.default\">\n\t\t\t\t<div class=\"elementor-widget-container\">\n\t\t\t\t\t\t\t<div class=\"wd-text-block reset-last-child text-left\">\n\t\t\t\n\t\t\t<p>Kustosinja in koordinatorka razstave: Sandra Kocjan\u010di\u010d GALERIJA SODOBNEGA NAKITA DRAT Ljubljanska ulica 20, 6310 Izola<\/p><p>OTVORITEV: Sobota, 11. 5. 2024, ob 11.00 OGLED RAZSTAVE: 11.\u201320. 5. 2024, od torka do sobote, od 10.00 do 13.00 oz. po dogovoru, telefon 041 952 918<\/p>\n\t\t\t\t\t<\/div>\n\t\t\t\t\t\t<\/div>\n\t\t\t\t<\/div>\n\t\t\t\t<\/div>\n\t\t<div class=\"elementor-element elementor-element-6ba1dd1 e-con-full e-flex e-con e-child\" data-id=\"6ba1dd1\" data-element_type=\"container\" data-e-type=\"container\">\n\t\t\t\t<div class=\"elementor-element elementor-element-b5737a1 elementor-widget elementor-widget-wd_text_block\" data-id=\"b5737a1\" data-element_type=\"widget\" data-e-type=\"widget\" data-widget_type=\"wd_text_block.default\">\n\t\t\t\t<div class=\"elementor-widget-container\">\n\t\t\t\t\t\t\t<div class=\"wd-text-block reset-last-child text-left\">\n\t\t\t\n\t\t\t<p>Razstavljavci: Aleksandra Atanasovski, Arijana Gad\u017eijev, Barbara Nardoni, Jana Mr\u0161nik \u2013 BelaBela, Jana Seli\u0161kar, Kristina Martin\u010di\u010d \u2013 Kristina M Designs, Maja Licul, Nika Horvat, Nika Stupica, Sandra Kocjan\u010di\u010d, Ur\u0161ka Sadar Am\u00e9lia Marta (PT), Anna Paparella (IT), Camilla Mileto (ES), Dmitrii Volkov (US), Dodo Paruznik (AT), Donidelmare jewelry (IT), Yayan Zhang (US)<\/p>\n\t\t\t\t\t<\/div>\n\t\t\t\t\t\t<\/div>\n\t\t\t\t<\/div>\n\t\t\t\t<\/div>\n\t\t\t\t<\/div>\n\t\t\t\t\t<\/div>\n\t\t\t\t<\/div>\n\t\t<div class=\"wd-negative-gap elementor-element elementor-element-339ffcf e-flex e-con-boxed e-con e-parent\" data-id=\"339ffcf\" data-element_type=\"container\" data-e-type=\"container\">\n\t\t\t\t\t<div class=\"e-con-inner\">\n\t\t\t\t<div class=\"elementor-element elementor-element-b55251b elementor-widget-divider--view-line elementor-widget elementor-widget-divider\" data-id=\"b55251b\" data-element_type=\"widget\" data-e-type=\"widget\" data-widget_type=\"divider.default\">\n\t\t\t\t<div class=\"elementor-widget-container\">\n\t\t\t\t\t\t\t<div class=\"elementor-divider\">\n\t\t\t<span class=\"elementor-divider-separator\">\n\t\t\t\t\t\t<\/span>\n\t\t<\/div>\n\t\t\t\t\t\t<\/div>\n\t\t\t\t<\/div>\n\t\t\t\t<div class=\"elementor-element elementor-element-5b428fb wd-width-100 elementor-widget elementor-widget-wd_title\" data-id=\"5b428fb\" data-element_type=\"widget\" data-e-type=\"widget\" data-widget_type=\"wd_title.default\">\n\t\t\t\t<div class=\"elementor-widget-container\">\n\t\t\t\t\t\t\t<div class=\"title-wrapper wd-set-mb reset-last-child wd-title-color-default wd-title-style-default wd-title-size-extra-large text-center\">\n\n\t\t\t\n\t\t\t<div class=\"liner-continer\">\n\t\t\t\t<h3 class=\"woodmart-title-container title wd-fontsize-xxxl wd-underline-colored\">3. Slovenj Gradec<\/h3> \n\t\t\t\t\t\t\t<\/div>\n\n\t\t\t\t\t<\/div>\n\t\t\t\t\t\t<\/div>\n\t\t\t\t<\/div>\n\t\t\t\t<div class=\"elementor-element elementor-element-4f2de74 elementor-widget-divider--view-line elementor-widget elementor-widget-divider\" data-id=\"4f2de74\" data-element_type=\"widget\" data-e-type=\"widget\" data-widget_type=\"divider.default\">\n\t\t\t\t<div class=\"elementor-widget-container\">\n\t\t\t\t\t\t\t<div class=\"elementor-divider\">\n\t\t\t<span class=\"elementor-divider-separator\">\n\t\t\t\t\t\t<\/span>\n\t\t<\/div>\n\t\t\t\t\t\t<\/div>\n\t\t\t\t<\/div>\n\t\t\t\t\t<\/div>\n\t\t\t\t<\/div>\n\t\t<div class=\"wd-negative-gap elementor-element elementor-element-67eb758 e-flex e-con-boxed e-con e-parent\" data-id=\"67eb758\" data-element_type=\"container\" data-e-type=\"container\">\n\t\t\t\t\t<div class=\"e-con-inner\">\n\t\t<div class=\"elementor-element elementor-element-e8205a8 e-con-full e-flex e-con e-child\" data-id=\"e8205a8\" data-element_type=\"container\" data-e-type=\"container\">\n\t\t<div class=\"elementor-element elementor-element-6065bdd e-con-full e-flex e-con e-child\" data-id=\"6065bdd\" data-element_type=\"container\" data-e-type=\"container\">\n\t\t\t\t<div class=\"elementor-element elementor-element-aca1e64 wd-width-100 elementor-widget elementor-widget-wd_title\" data-id=\"aca1e64\" data-element_type=\"widget\" data-e-type=\"widget\" data-widget_type=\"wd_title.default\">\n\t\t\t\t<div class=\"elementor-widget-container\">\n\t\t\t\t\t\t\t<div class=\"title-wrapper wd-set-mb reset-last-child wd-title-color-default wd-title-style-default wd-title-size-large text-left\">\n\n\t\t\t\n\t\t\t<div class=\"liner-continer\">\n\t\t\t\t<h4 class=\"woodmart-title-container title wd-fontsize-xxl\">SIJW 2024<br \/>\n - OB\u010cUTENJA<\/h4> \n\t\t\t\t\t\t\t<\/div>\n\n\t\t\t\t\t<\/div>\n\t\t\t\t\t\t<\/div>\n\t\t\t\t<\/div>\n\t\t\t\t<div class=\"elementor-element elementor-element-a09966d elementor-widget elementor-widget-wd_text_block\" data-id=\"a09966d\" data-element_type=\"widget\" data-e-type=\"widget\" data-widget_type=\"wd_text_block.default\">\n\t\t\t\t<div class=\"elementor-widget-container\">\n\t\t\t\t\t\t\t<div class=\"wd-text-block reset-last-child text-left\">\n\t\t\t\n\t\t\t<p>Kustosinja in koordinatorka razstave: Aleksandra \u010cas (KPM) KORO\u0160KI POKRAJINSKI MUZEJ Glavni trg 24, 2380 Slovenj Gradec<\/p><p>OTVORITEV: \u010cetrtek, 9. 5. 2024, ob 18.00 OGLED RAZSTAVE: 9.\u201320. 5. 2024, od torka do petka, od 10.00 do 18.00 Sobota, nedelja, prazniki: od 10.00 do 17.0<\/p>\n\t\t\t\t\t<\/div>\n\t\t\t\t\t\t<\/div>\n\t\t\t\t<\/div>\n\t\t\t\t<\/div>\n\t\t<div class=\"elementor-element elementor-element-b607734 e-con-full e-flex e-con e-child\" data-id=\"b607734\" data-element_type=\"container\" data-e-type=\"container\">\n\t\t\t\t<div class=\"elementor-element elementor-element-56501cc elementor-widget elementor-widget-wd_text_block\" data-id=\"56501cc\" data-element_type=\"widget\" data-e-type=\"widget\" data-widget_type=\"wd_text_block.default\">\n\t\t\t\t<div class=\"elementor-widget-container\">\n\t\t\t\t\t\t\t<div class=\"wd-text-block reset-last-child text-left\">\n\t\t\t\n\t\t\t<p>V sklopu tretjega Slovenskega tedna nakita (SIJW) v Koro\u0161kem pokrajinskem muzeju predstavljajo izbrane kose nakita doma\u010dih in tujih sodobnih oblikovalcev, ki svoj navdih i\u0161\u010dejo v tradiciji in stremijo k trajnosti. Razstavljavci: Anita Sonc, Darko Ornik, Peter Dragoli\u010d, Sara Mermal, Tja\u0161a Petri\u010d Cvet, Ursula Rihtar, Vanja \u010cok, \u017diga Kodre Amy Findlay (UK), Anna Liu (US), Erzs\u00e9bet Betti Domonyi (HU), Liu Yang (UK), Mahzad Morsali (IR), Marija Radosavljevi\u0107 (RS), Marina Dra\u017eenovi\u0107 (HR), Nadezhda Elkina (PL)<\/p>\n\t\t\t\t\t<\/div>\n\t\t\t\t\t\t<\/div>\n\t\t\t\t<\/div>\n\t\t\t\t<\/div>\n\t\t\t\t<\/div>\n\t\t\t\t\t<\/div>\n\t\t\t\t<\/div>\n\t\t\t\t<\/div>\n\t\t","protected":false},"excerpt":{"rendered":"<p>SLOVENSKI TEDEN NAKITA 2024 Razstave 1. Ljubljana OSREDNJA RAZSTAVA SIJW 2024: &#8211; OB\u010cUTENJA Kustosi in koordinatorji razstave: Dalija Sega in<\/p>\n","protected":false},"author":1,"featured_media":0,"parent":4818,"menu_order":0,"comment_status":"closed","ping_status":"closed","template":"","meta":{"iawp_total_views":3,"footnotes":""},"class_list":["post-4814","page","type-page","status-publish","hentry"],"yoast_head":"<!-- This site is optimized with the Yoast SEO plugin v27.2 - https:\/\/yoast.com\/product\/yoast-seo-wordpress\/ -->\n<title>Razstave - SIJW 2024 - SIJW<\/title>\n<meta name=\"robots\" content=\"index, follow, max-snippet:-1, max-image-preview:large, max-video-preview:-1\" \/>\n<link rel=\"canonical\" href=\"https:\/\/slovenianjewelryweek.com\/sl\/sijw-2024\/program-sijw-2024\/exhibitions-sijw-2024\/\" \/>\n<meta property=\"og:locale\" content=\"sl_SI\" \/>\n<meta property=\"og:type\" content=\"article\" \/>\n<meta property=\"og:title\" content=\"Razstave - SIJW 2024 - SIJW\" \/>\n<meta property=\"og:description\" content=\"SLOVENSKI TEDEN NAKITA 2024 Razstave 1. Ljubljana OSREDNJA RAZSTAVA SIJW 2024: &#8211; OB\u010cUTENJA Kustosi in koordinatorji razstave: Dalija Sega in\" \/>\n<meta property=\"og:url\" content=\"https:\/\/slovenianjewelryweek.com\/sl\/sijw-2024\/program-sijw-2024\/exhibitions-sijw-2024\/\" \/>\n<meta property=\"og:site_name\" content=\"SIJW\" \/>\n<meta property=\"article:modified_time\" content=\"2025-02-24T10:13:48+00:00\" \/>\n<meta name=\"twitter:card\" content=\"summary_large_image\" \/>\n<meta name=\"twitter:label1\" content=\"Est. reading time\" \/>\n\t<meta name=\"twitter:data1\" content=\"3 minute\" \/>\n<script type=\"application\/ld+json\" class=\"yoast-schema-graph\">{\"@context\":\"https:\/\/schema.org\",\"@graph\":[{\"@type\":\"WebPage\",\"@id\":\"https:\/\/slovenianjewelryweek.com\/sl\/sijw-2024\/program-sijw-2024\/exhibitions-sijw-2024\/\",\"url\":\"https:\/\/slovenianjewelryweek.com\/sl\/sijw-2024\/program-sijw-2024\/exhibitions-sijw-2024\/\",\"name\":\"Razstave - SIJW 2024 - SIJW\",\"isPartOf\":{\"@id\":\"https:\/\/slovenianjewelryweek.com\/sl\/#website\"},\"datePublished\":\"2025-02-24T08:58:27+00:00\",\"dateModified\":\"2025-02-24T10:13:48+00:00\",\"breadcrumb\":{\"@id\":\"https:\/\/slovenianjewelryweek.com\/sl\/sijw-2024\/program-sijw-2024\/exhibitions-sijw-2024\/#breadcrumb\"},\"inLanguage\":\"sl-SI\",\"potentialAction\":[{\"@type\":\"ReadAction\",\"target\":[\"https:\/\/slovenianjewelryweek.com\/sl\/sijw-2024\/program-sijw-2024\/exhibitions-sijw-2024\/\"]}]},{\"@type\":\"BreadcrumbList\",\"@id\":\"https:\/\/slovenianjewelryweek.com\/sl\/sijw-2024\/program-sijw-2024\/exhibitions-sijw-2024\/#breadcrumb\",\"itemListElement\":[{\"@type\":\"ListItem\",\"position\":1,\"name\":\"Home\",\"item\":\"https:\/\/slovenianjewelryweek.com\/sl\/\"},{\"@type\":\"ListItem\",\"position\":2,\"name\":\"Razstave &#8211; SIJW 2024\"}]},{\"@type\":\"WebSite\",\"@id\":\"https:\/\/slovenianjewelryweek.com\/sl\/#website\",\"url\":\"https:\/\/slovenianjewelryweek.com\/sl\/\",\"name\":\"SIJW\",\"description\":\"\",\"potentialAction\":[{\"@type\":\"SearchAction\",\"target\":{\"@type\":\"EntryPoint\",\"urlTemplate\":\"https:\/\/slovenianjewelryweek.com\/sl\/?s={search_term_string}\"},\"query-input\":{\"@type\":\"PropertyValueSpecification\",\"valueRequired\":true,\"valueName\":\"search_term_string\"}}],\"inLanguage\":\"sl-SI\"}]}<\/script>\n<!-- \/ Yoast SEO plugin. -->","yoast_head_json":{"title":"Razstave - SIJW 2024 - SIJW","robots":{"index":"index","follow":"follow","max-snippet":"max-snippet:-1","max-image-preview":"max-image-preview:large","max-video-preview":"max-video-preview:-1"},"canonical":"https:\/\/slovenianjewelryweek.com\/sl\/sijw-2024\/program-sijw-2024\/exhibitions-sijw-2024\/","og_locale":"sl_SI","og_type":"article","og_title":"Razstave - SIJW 2024 - SIJW","og_description":"SLOVENSKI TEDEN NAKITA 2024 Razstave 1. Ljubljana OSREDNJA RAZSTAVA SIJW 2024: &#8211; OB\u010cUTENJA Kustosi in koordinatorji razstave: Dalija Sega in","og_url":"https:\/\/slovenianjewelryweek.com\/sl\/sijw-2024\/program-sijw-2024\/exhibitions-sijw-2024\/","og_site_name":"SIJW","article_modified_time":"2025-02-24T10:13:48+00:00","twitter_card":"summary_large_image","twitter_misc":{"Est. reading time":"3 minute"},"schema":{"@context":"https:\/\/schema.org","@graph":[{"@type":"WebPage","@id":"https:\/\/slovenianjewelryweek.com\/sl\/sijw-2024\/program-sijw-2024\/exhibitions-sijw-2024\/","url":"https:\/\/slovenianjewelryweek.com\/sl\/sijw-2024\/program-sijw-2024\/exhibitions-sijw-2024\/","name":"Razstave - SIJW 2024 - SIJW","isPartOf":{"@id":"https:\/\/slovenianjewelryweek.com\/sl\/#website"},"datePublished":"2025-02-24T08:58:27+00:00","dateModified":"2025-02-24T10:13:48+00:00","breadcrumb":{"@id":"https:\/\/slovenianjewelryweek.com\/sl\/sijw-2024\/program-sijw-2024\/exhibitions-sijw-2024\/#breadcrumb"},"inLanguage":"sl-SI","potentialAction":[{"@type":"ReadAction","target":["https:\/\/slovenianjewelryweek.com\/sl\/sijw-2024\/program-sijw-2024\/exhibitions-sijw-2024\/"]}]},{"@type":"BreadcrumbList","@id":"https:\/\/slovenianjewelryweek.com\/sl\/sijw-2024\/program-sijw-2024\/exhibitions-sijw-2024\/#breadcrumb","itemListElement":[{"@type":"ListItem","position":1,"name":"Home","item":"https:\/\/slovenianjewelryweek.com\/sl\/"},{"@type":"ListItem","position":2,"name":"Razstave &#8211; SIJW 2024"}]},{"@type":"WebSite","@id":"https:\/\/slovenianjewelryweek.com\/sl\/#website","url":"https:\/\/slovenianjewelryweek.com\/sl\/","name":"SIJW","description":"","potentialAction":[{"@type":"SearchAction","target":{"@type":"EntryPoint","urlTemplate":"https:\/\/slovenianjewelryweek.com\/sl\/?s={search_term_string}"},"query-input":{"@type":"PropertyValueSpecification","valueRequired":true,"valueName":"search_term_string"}}],"inLanguage":"sl-SI"}]}},"_links":{"self":[{"href":"https:\/\/slovenianjewelryweek.com\/sl\/wp-json\/wp\/v2\/pages\/4814","targetHints":{"allow":["GET"]}}],"collection":[{"href":"https:\/\/slovenianjewelryweek.com\/sl\/wp-json\/wp\/v2\/pages"}],"about":[{"href":"https:\/\/slovenianjewelryweek.com\/sl\/wp-json\/wp\/v2\/types\/page"}],"author":[{"embeddable":true,"href":"https:\/\/slovenianjewelryweek.com\/sl\/wp-json\/wp\/v2\/users\/1"}],"replies":[{"embeddable":true,"href":"https:\/\/slovenianjewelryweek.com\/sl\/wp-json\/wp\/v2\/comments?post=4814"}],"version-history":[{"count":3,"href":"https:\/\/slovenianjewelryweek.com\/sl\/wp-json\/wp\/v2\/pages\/4814\/revisions"}],"predecessor-version":[{"id":4817,"href":"https:\/\/slovenianjewelryweek.com\/sl\/wp-json\/wp\/v2\/pages\/4814\/revisions\/4817"}],"up":[{"embeddable":true,"href":"https:\/\/slovenianjewelryweek.com\/sl\/wp-json\/wp\/v2\/pages\/4818"}],"wp:attachment":[{"href":"https:\/\/slovenianjewelryweek.com\/sl\/wp-json\/wp\/v2\/media?parent=4814"}],"curies":[{"name":"wp","href":"https:\/\/api.w.org\/{rel}","templated":true}]}}