{"id":11210,"date":"2025-04-19T14:02:48","date_gmt":"2025-04-19T12:02:48","guid":{"rendered":"https:\/\/slovenianjewelryweek.com\/narodni-muzej-slovenije\/"},"modified":"2025-04-20T09:54:04","modified_gmt":"2025-04-20T07:54:04","slug":"narodni-muzej-slovenije","status":"publish","type":"page","link":"https:\/\/slovenianjewelryweek.com\/sl\/rewind\/participants-2022\/narodni-muzej-slovenije\/","title":{"rendered":"Narodni muzej Slovenije"},"content":{"rendered":"\t\t<div data-elementor-type=\"wp-page\" data-elementor-id=\"11210\" class=\"elementor elementor-11210 elementor-11189\">\n\t\t\t\t<div class=\"wd-negative-gap elementor-element elementor-element-389350a e-flex e-con-boxed e-con e-parent\" data-id=\"389350a\" data-element_type=\"container\" data-e-type=\"container\">\n\t\t\t\t\t<div class=\"e-con-inner\">\n\t\t<div class=\"elementor-element elementor-element-bd36224 e-con-full e-flex e-con e-child\" data-id=\"bd36224\" data-element_type=\"container\" data-e-type=\"container\">\n\t\t\t\t<div class=\"elementor-element elementor-element-65924b9 elementor-widget__width-initial elementor-widget elementor-widget-wd_image_or_svg\" data-id=\"65924b9\" data-element_type=\"widget\" data-e-type=\"widget\" data-widget_type=\"wd_image_or_svg.default\">\n\t\t\t\t<div class=\"elementor-widget-container\">\n\t\t\t\t\t\n\t\t<div class=\"wd-image text-left\">\n\t\t\t\t\t\t\t\t<img loading=\"lazy\" decoding=\"async\" width=\"500\" height=\"600\" src=\"https:\/\/slovenianjewelryweek.com\/wp-content\/uploads\/2025\/04\/naroidni-muzej-slo.jpg\" class=\"attachment-full size-full\" alt=\"\" srcset=\"https:\/\/slovenianjewelryweek.com\/wp-content\/uploads\/2025\/04\/naroidni-muzej-slo.jpg 500w, https:\/\/slovenianjewelryweek.com\/wp-content\/uploads\/2025\/04\/naroidni-muzej-slo-250x300.jpg 250w\" sizes=\"auto, (max-width: 500px) 100vw, 500px\" \/>\t\t\t\t\t<\/div>\n\n\t\t\t\t\t\t<\/div>\n\t\t\t\t<\/div>\n\t\t\t\t<\/div>\n\t\t<div class=\"elementor-element elementor-element-3f530f1 e-con-full e-flex e-con e-child\" data-id=\"3f530f1\" data-element_type=\"container\" data-e-type=\"container\">\n\t\t\t\t<div class=\"elementor-element elementor-element-3f26c27 wd-width-100 elementor-widget elementor-widget-wd_title\" data-id=\"3f26c27\" data-element_type=\"widget\" data-e-type=\"widget\" data-widget_type=\"wd_title.default\">\n\t\t\t\t<div class=\"elementor-widget-container\">\n\t\t\t\t\t\t\t<div class=\"title-wrapper wd-set-mb reset-last-child wd-title-color-default wd-title-style-default wd-title-size-extra-large text-left\">\n\n\t\t\t\n\t\t\t<div class=\"liner-continer\">\n\t\t\t\t<h3 class=\"woodmart-title-container title wd-fontsize-xxxl wd-underline-colored\">Narodni muzej Slovenije<\/h3> \n\t\t\t\t\t\t\t<\/div>\n\n\t\t\t\t\t<\/div>\n\t\t\t\t\t\t<\/div>\n\t\t\t\t<\/div>\n\t\t\t\t<div class=\"elementor-element elementor-element-9858693 color-scheme-inherit text-left elementor-widget elementor-widget-text-editor\" data-id=\"9858693\" data-element_type=\"widget\" data-e-type=\"widget\" data-widget_type=\"text-editor.default\">\n\t\t\t\t<div class=\"elementor-widget-container\">\n\t\t\t\t\t\t\t\t\t<p>Muzejska 1,<br>Ljubljana<\/p>\t\t\t\t\t\t\t\t<\/div>\n\t\t\t\t<\/div>\n\t\t\t\t<\/div>\n\t\t<div class=\"elementor-element elementor-element-7a7aa5f e-con-full e-flex e-con e-child\" data-id=\"7a7aa5f\" data-element_type=\"container\" data-e-type=\"container\">\n\t\t\t\t<div data-ep-wrapper-link=\"{&quot;url&quot;:&quot;#&quot;,&quot;is_external&quot;:&quot;&quot;,&quot;nofollow&quot;:&quot;&quot;,&quot;custom_attributes&quot;:&quot;&quot;}\" style=\"cursor: pointer\" class=\"bdt-element-link elementor-element elementor-element-02d49d4 wd-width-100 elementor-widget elementor-widget-wd_title\" data-id=\"02d49d4\" data-element_type=\"widget\" data-e-type=\"widget\" data-widget_type=\"wd_title.default\">\n\t\t\t\t<div class=\"elementor-widget-container\">\n\t\t\t\t\t\t\t<div class=\"title-wrapper wd-set-mb reset-last-child wd-title-color-default wd-title-style-default wd-title-size-extra-large text-left\">\n\n\t\t\t\n\t\t\t<div class=\"liner-continer\">\n\t\t\t\t<h3 class=\"woodmart-title-container title wd-fontsize-xxxl wd-underline-colored\">Kustosinja<\/h3> \n\t\t\t\t\t\t\t<\/div>\n\n\t\t\t\t\t\t\t<div class=\"title-after_title reset-last-child wd-fontsize-s\">\n\t\t\t\t\t<p>Petra Brodar<\/p>\t\t\t\t<\/div>\n\t\t\t\t\t<\/div>\n\t\t\t\t\t\t<\/div>\n\t\t\t\t<\/div>\n\t\t\t\t<div data-ep-wrapper-link=\"{&quot;url&quot;:&quot;#&quot;,&quot;is_external&quot;:&quot;&quot;,&quot;nofollow&quot;:&quot;&quot;,&quot;custom_attributes&quot;:&quot;&quot;}\" style=\"cursor: pointer\" class=\"bdt-element-link elementor-element elementor-element-a92778f wd-width-100 elementor-widget elementor-widget-wd_title\" data-id=\"a92778f\" data-element_type=\"widget\" data-e-type=\"widget\" data-widget_type=\"wd_title.default\">\n\t\t\t\t<div class=\"elementor-widget-container\">\n\t\t\t\t\t\t\t<div class=\"title-wrapper wd-set-mb reset-last-child wd-title-color-default wd-title-style-default wd-title-size-extra-large text-left\">\n\n\t\t\t\n\t\t\t<div class=\"liner-continer\">\n\t\t\t\t<h3 class=\"woodmart-title-container title wd-fontsize-xxxl wd-underline-colored\"><\/h3> \n\t\t\t\t\t\t\t<\/div>\n\n\t\t\t\t\t\t\t<div class=\"title-after_title reset-last-child wd-fontsize-s\">\n\t\t\t\t\t<p>Pridru\u017eite se nam na brezpla\u010dnem tematskem vodenem ogledu stalne razstave Zgodbe s sti\u010di\u0161\u010da svetov in ob\u010dasne razstave Zlata sled. Nakit, s katerim se kitimo \u017ee od nekdaj, ni samo odraz mode, temve\u010d tudi izraz identitete, statusa, vere in na\u010dina \u017eivljenja. Ob\u010dudovali bomo bolj ali manj razko\u0161ne oprave \u017eensk od prazgodovine do devetdesetih let prej\u0161njega stoletja: od skromnih kamenodobnih obeskov, prek \u010dudovitih jantarnih in steklenih ogrlic in zlatih diademov iz \u017eelezne dobe do sodobnega oblikovanja nakita.<br>Po razstavah Zgodbe s sti\u010di\u0161\u010da svetov in Zlata sled vas bo popeljala arheologinja Petra Brodar.  <\/p>\t\t\t\t<\/div>\n\t\t\t\t\t<\/div>\n\t\t\t\t\t\t<\/div>\n\t\t\t\t<\/div>\n\t\t\t\t<\/div>\n\t\t\t\t\t<\/div>\n\t\t\t\t<\/div>\n\t\t<div class=\"wd-negative-gap elementor-element elementor-element-501383c e-flex e-con-boxed e-con e-parent\" data-id=\"501383c\" data-element_type=\"container\" data-e-type=\"container\">\n\t\t\t\t\t<div class=\"e-con-inner\">\n\t\t\t\t<div class=\"elementor-element elementor-element-83ff93b elementor-widget-divider--view-line elementor-widget elementor-widget-divider\" data-id=\"83ff93b\" data-element_type=\"widget\" data-e-type=\"widget\" data-widget_type=\"divider.default\">\n\t\t\t\t<div class=\"elementor-widget-container\">\n\t\t\t\t\t\t\t<div class=\"elementor-divider\">\n\t\t\t<span class=\"elementor-divider-separator\">\n\t\t\t\t\t\t<\/span>\n\t\t<\/div>\n\t\t\t\t\t\t<\/div>\n\t\t\t\t<\/div>\n\t\t\t\t\t<\/div>\n\t\t\t\t<\/div>\n\t\t<div class=\"wd-negative-gap elementor-element elementor-element-82f8586 e-flex e-con-boxed e-con e-parent\" data-id=\"82f8586\" data-element_type=\"container\" data-e-type=\"container\">\n\t\t\t\t\t<div class=\"e-con-inner\">\n\t\t<div class=\"elementor-element elementor-element-ce1d399 e-con-full e-flex e-con e-child\" data-id=\"ce1d399\" data-element_type=\"container\" data-e-type=\"container\">\n\t\t\t\t<div class=\"elementor-element elementor-element-228cdf6 elementor-widget elementor-widget-wd_image_or_svg\" data-id=\"228cdf6\" data-element_type=\"widget\" data-e-type=\"widget\" data-widget_type=\"wd_image_or_svg.default\">\n\t\t\t\t<div class=\"elementor-widget-container\">\n\t\t\t\t\t\n\t\t<div class=\"wd-image text-left\">\n\t\t\t\t\t\t\t\t<img loading=\"lazy\" decoding=\"async\" width=\"2500\" height=\"1710\" src=\"https:\/\/slovenianjewelryweek.com\/wp-content\/uploads\/2025\/04\/01_Zlati-nakit-stiske-kneginje.jpg\" class=\"attachment-full size-full\" alt=\"\" srcset=\"https:\/\/slovenianjewelryweek.com\/wp-content\/uploads\/2025\/04\/01_Zlati-nakit-stiske-kneginje.jpg 2500w, https:\/\/slovenianjewelryweek.com\/wp-content\/uploads\/2025\/04\/01_Zlati-nakit-stiske-kneginje-300x205.jpg 300w, https:\/\/slovenianjewelryweek.com\/wp-content\/uploads\/2025\/04\/01_Zlati-nakit-stiske-kneginje-1024x700.jpg 1024w, https:\/\/slovenianjewelryweek.com\/wp-content\/uploads\/2025\/04\/01_Zlati-nakit-stiske-kneginje-768x525.jpg 768w, https:\/\/slovenianjewelryweek.com\/wp-content\/uploads\/2025\/04\/01_Zlati-nakit-stiske-kneginje-1536x1051.jpg 1536w, https:\/\/slovenianjewelryweek.com\/wp-content\/uploads\/2025\/04\/01_Zlati-nakit-stiske-kneginje-2048x1401.jpg 2048w\" sizes=\"auto, (max-width: 2500px) 100vw, 2500px\" \/>\t\t\t\t\t<\/div>\n\n\t\t\t\t\t\t<\/div>\n\t\t\t\t<\/div>\n\t\t\t\t<\/div>\n\t\t<div class=\"elementor-element elementor-element-1c79b6a e-con-full e-flex e-con e-child\" data-id=\"1c79b6a\" data-element_type=\"container\" data-e-type=\"container\">\n\t\t\t\t<div data-ep-wrapper-link=\"{&quot;url&quot;:&quot;#&quot;,&quot;is_external&quot;:&quot;&quot;,&quot;nofollow&quot;:&quot;&quot;,&quot;custom_attributes&quot;:&quot;&quot;}\" style=\"cursor: pointer\" class=\"bdt-element-link elementor-element elementor-element-657f066 wd-width-100 elementor-widget elementor-widget-wd_title\" data-id=\"657f066\" data-element_type=\"widget\" data-e-type=\"widget\" data-widget_type=\"wd_title.default\">\n\t\t\t\t<div class=\"elementor-widget-container\">\n\t\t\t\t\t\t\t<div class=\"title-wrapper wd-set-mb reset-last-child wd-title-color-default wd-title-style-default wd-title-size-extra-large text-left\">\n\n\t\t\t\n\t\t\t<div class=\"liner-continer\">\n\t\t\t\t<h3 class=\"woodmart-title-container title wd-fontsize-xxxl wd-underline-colored\">Zlati nakit sti\u0161ke kneginje<\/h3> \n\t\t\t\t\t\t\t<\/div>\n\n\t\t\t\t\t\t\t<div class=\"title-after_title reset-last-child wd-fontsize-s\">\n\t\t\t\t\t<p>Pridru\u017eite se nam na brezpla\u010dnem tematskem vodenem ogledu stalne razstave Zgodbe s sti\u010di\u0161\u010da svetov in ob\u010dasne razstave Zlata sled. Nakit, s katerim se kitimo \u017ee od nekdaj, ni samo odraz mode, temve\u010d tudi izraz identitete, statusa, vere in na\u010dina \u017eivljenja. Ob\u010dudovali bomo bolj ali manj razko\u0161ne oprave \u017eensk od prazgodovine do devetdesetih let prej\u0161njega stoletja: od skromnih kamenodobnih obeskov, prek \u010dudovitih jantarnih in steklenih ogrlic in zlatih diademov iz \u017eelezne dobe do sodobnega oblikovanja nakita.<br>Po razstavah Zgodbe s sti\u010di\u0161\u010da svetov in Zlata sled vas bo popeljala arheologinja Petra Brodar.  <\/p>\t\t\t\t<\/div>\n\t\t\t\t\t<\/div>\n\t\t\t\t\t\t<\/div>\n\t\t\t\t<\/div>\n\t\t\t\t<\/div>\n\t\t\t\t\t<\/div>\n\t\t\t\t<\/div>\n\t\t<div class=\"wd-negative-gap elementor-element elementor-element-02a33b3 e-flex e-con-boxed e-con e-parent\" data-id=\"02a33b3\" data-element_type=\"container\" data-e-type=\"container\">\n\t\t\t\t\t<div class=\"e-con-inner\">\n\t\t<div class=\"elementor-element elementor-element-c318f67 e-con-full e-flex e-con e-child\" data-id=\"c318f67\" data-element_type=\"container\" data-e-type=\"container\">\n\t\t\t\t<div class=\"elementor-element elementor-element-aa9758d elementor-widget elementor-widget-wd_image_or_svg\" data-id=\"aa9758d\" data-element_type=\"widget\" data-e-type=\"widget\" data-widget_type=\"wd_image_or_svg.default\">\n\t\t\t\t<div class=\"elementor-widget-container\">\n\t\t\t\t\t\n\t\t<div class=\"wd-image text-left\">\n\t\t\t\t\t\t\t\t<img loading=\"lazy\" decoding=\"async\" width=\"768\" height=\"768\" src=\"https:\/\/slovenianjewelryweek.com\/wp-content\/uploads\/2025\/04\/02_Lara-Bohinc-Lunar-Eclipse_Muzej-za-arhitekturo-in-oblikovanje.jpg\" class=\"attachment-full size-full\" alt=\"\" srcset=\"https:\/\/slovenianjewelryweek.com\/wp-content\/uploads\/2025\/04\/02_Lara-Bohinc-Lunar-Eclipse_Muzej-za-arhitekturo-in-oblikovanje.jpg 768w, https:\/\/slovenianjewelryweek.com\/wp-content\/uploads\/2025\/04\/02_Lara-Bohinc-Lunar-Eclipse_Muzej-za-arhitekturo-in-oblikovanje-300x300.jpg 300w, https:\/\/slovenianjewelryweek.com\/wp-content\/uploads\/2025\/04\/02_Lara-Bohinc-Lunar-Eclipse_Muzej-za-arhitekturo-in-oblikovanje-150x150.jpg 150w\" sizes=\"auto, (max-width: 768px) 100vw, 768px\" \/>\t\t\t\t\t<\/div>\n\n\t\t\t\t\t\t<\/div>\n\t\t\t\t<\/div>\n\t\t\t\t<\/div>\n\t\t<div class=\"elementor-element elementor-element-9c5e51e e-con-full e-flex e-con e-child\" data-id=\"9c5e51e\" data-element_type=\"container\" data-e-type=\"container\">\n\t\t\t\t<div data-ep-wrapper-link=\"{&quot;url&quot;:&quot;#&quot;,&quot;is_external&quot;:&quot;&quot;,&quot;nofollow&quot;:&quot;&quot;,&quot;custom_attributes&quot;:&quot;&quot;}\" style=\"cursor: pointer\" class=\"bdt-element-link elementor-element elementor-element-b5cb790 wd-width-100 elementor-widget elementor-widget-wd_title\" data-id=\"b5cb790\" data-element_type=\"widget\" data-e-type=\"widget\" data-widget_type=\"wd_title.default\">\n\t\t\t\t<div class=\"elementor-widget-container\">\n\t\t\t\t\t\t\t<div class=\"title-wrapper wd-set-mb reset-last-child wd-title-color-default wd-title-style-default wd-title-size-extra-large text-left\">\n\n\t\t\t\n\t\t\t<div class=\"liner-continer\">\n\t\t\t\t<h3 class=\"woodmart-title-container title wd-fontsize-xxxl wd-underline-colored\">Lara Bohinc, ogrlica Lunar Eclipse<\/h3> \n\t\t\t\t\t\t\t<\/div>\n\n\t\t\t\t\t\t\t<div class=\"title-after_title reset-last-child wd-fontsize-s\">\n\t\t\t\t\t<p>Oblikovalka Lara Bohinc je \u0161tudirala na Akademiji za likovno umetnost in oblikovanje v Ljubljani, \u0161tudij pa nadaljevala na Royal College of Art v Londonu. V Veliki Britaniji \u017ee vrsto let uspe\u0161no oblikuje nakit in druge modne dodatke za svojo blagovno znamko. Danes je ena najbolj inovativnih in prodornih oblikovalk modnega nakita, pohi\u0161tva in predmetov za dom. Pri svojem oblikovanju ohranja spo\u0161tovanje do tradicionalnih na\u010del svoje obrti. Njeno oblikovanje je klasi\u010dno in sodobno hkrati. Med oblikovalske klasike se je kmalu po svojem nastanku vpisala kolekcija Eclipse, iz katere je tudi ogrlica. Hrani Muzej za arhitekturo in oblikovanje.      <br><br>2007, pozla\u010dena medenina, 23,5 \u00d7 15,5 cm<br>Fotografija: arhiv Lare Bohinc<\/p>\t\t\t\t<\/div>\n\t\t\t\t\t<\/div>\n\t\t\t\t\t\t<\/div>\n\t\t\t\t<\/div>\n\t\t\t\t<\/div>\n\t\t\t\t\t<\/div>\n\t\t\t\t<\/div>\n\t\t<div class=\"wd-negative-gap elementor-element elementor-element-0091de4 e-flex e-con-boxed e-con e-parent\" data-id=\"0091de4\" data-element_type=\"container\" data-e-type=\"container\">\n\t\t\t\t\t<div class=\"e-con-inner\">\n\t\t<div class=\"elementor-element elementor-element-0e715da e-con-full e-flex e-con e-child\" data-id=\"0e715da\" data-element_type=\"container\" data-e-type=\"container\">\n\t\t\t\t<div class=\"elementor-element elementor-element-980f9d2 elementor-widget elementor-widget-wd_image_or_svg\" data-id=\"980f9d2\" data-element_type=\"widget\" data-e-type=\"widget\" data-widget_type=\"wd_image_or_svg.default\">\n\t\t\t\t<div class=\"elementor-widget-container\">\n\t\t\t\t\t\n\t\t<div class=\"wd-image text-left\">\n\t\t\t\t\t\t\t\t<img loading=\"lazy\" decoding=\"async\" width=\"2500\" height=\"1710\" src=\"https:\/\/slovenianjewelryweek.com\/wp-content\/uploads\/2025\/04\/03_Stekleni-in-jantarni-izdelki.jpg\" class=\"attachment-full size-full\" alt=\"\" srcset=\"https:\/\/slovenianjewelryweek.com\/wp-content\/uploads\/2025\/04\/03_Stekleni-in-jantarni-izdelki.jpg 2500w, https:\/\/slovenianjewelryweek.com\/wp-content\/uploads\/2025\/04\/03_Stekleni-in-jantarni-izdelki-300x205.jpg 300w, https:\/\/slovenianjewelryweek.com\/wp-content\/uploads\/2025\/04\/03_Stekleni-in-jantarni-izdelki-1024x700.jpg 1024w, https:\/\/slovenianjewelryweek.com\/wp-content\/uploads\/2025\/04\/03_Stekleni-in-jantarni-izdelki-768x525.jpg 768w, https:\/\/slovenianjewelryweek.com\/wp-content\/uploads\/2025\/04\/03_Stekleni-in-jantarni-izdelki-1536x1051.jpg 1536w, https:\/\/slovenianjewelryweek.com\/wp-content\/uploads\/2025\/04\/03_Stekleni-in-jantarni-izdelki-2048x1401.jpg 2048w\" sizes=\"auto, (max-width: 2500px) 100vw, 2500px\" \/>\t\t\t\t\t<\/div>\n\n\t\t\t\t\t\t<\/div>\n\t\t\t\t<\/div>\n\t\t\t\t<\/div>\n\t\t<div class=\"elementor-element elementor-element-10325b0 e-con-full e-flex e-con e-child\" data-id=\"10325b0\" data-element_type=\"container\" data-e-type=\"container\">\n\t\t\t\t<div data-ep-wrapper-link=\"{&quot;url&quot;:&quot;#&quot;,&quot;is_external&quot;:&quot;&quot;,&quot;nofollow&quot;:&quot;&quot;,&quot;custom_attributes&quot;:&quot;&quot;}\" style=\"cursor: pointer\" class=\"bdt-element-link elementor-element elementor-element-c0a88e9 wd-width-100 elementor-widget elementor-widget-wd_title\" data-id=\"c0a88e9\" data-element_type=\"widget\" data-e-type=\"widget\" data-widget_type=\"wd_title.default\">\n\t\t\t\t<div class=\"elementor-widget-container\">\n\t\t\t\t\t\t\t<div class=\"title-wrapper wd-set-mb reset-last-child wd-title-color-default wd-title-style-default wd-title-size-extra-large text-left\">\n\n\t\t\t\n\t\t\t<div class=\"liner-continer\">\n\t\t\t\t<h3 class=\"woodmart-title-container title wd-fontsize-xxxl wd-underline-colored\">Stekleni in jantarni izdelki<\/h3> \n\t\t\t\t\t\t\t<\/div>\n\n\t\t\t\t\t\t\t<div class=\"title-after_title reset-last-child wd-fontsize-s\">\n\t\t\t\t\t<p>Bogastvo steklenih in jantarnih izdelkov iz starej\u0161e \u017eelezne dobe (6. do 5. stoletje pr. Kr.). V na\u0161ih krajih sta se sre\u010dali jantarna in steklena pot. Prva je vodila do le\u017ei\u0161\u010d jantarja na obalah Baltika, druga do Egipta in Levanta. Hrani Narodni muzej Slovenije.   <br><br>Fotografija: Toma\u017e Lauko<\/p>\t\t\t\t<\/div>\n\t\t\t\t\t<\/div>\n\t\t\t\t\t\t<\/div>\n\t\t\t\t<\/div>\n\t\t\t\t<\/div>\n\t\t\t\t\t<\/div>\n\t\t\t\t<\/div>\n\t\t\t\t<\/div>\n\t\t","protected":false},"excerpt":{"rendered":"<p>Narodni muzej Slovenije Muzejska 1,Ljubljana Kustosinja Petra Brodar Pridru\u017eite se nam na brezpla\u010dnem tematskem vodenem ogledu stalne razstave Zgodbe s<\/p>\n","protected":false},"author":1,"featured_media":0,"parent":11275,"menu_order":9,"comment_status":"closed","ping_status":"closed","template":"","meta":{"iawp_total_views":0,"footnotes":""},"class_list":["post-11210","page","type-page","status-publish","hentry"],"yoast_head":"<!-- This site is optimized with the Yoast SEO plugin v27.2 - https:\/\/yoast.com\/product\/yoast-seo-wordpress\/ -->\n<title>Narodni muzej Slovenije - SIJW<\/title>\n<meta name=\"robots\" content=\"index, follow, max-snippet:-1, max-image-preview:large, max-video-preview:-1\" \/>\n<link rel=\"canonical\" href=\"https:\/\/slovenianjewelryweek.com\/sl\/rewind\/participants-2022\/narodni-muzej-slovenije\/\" \/>\n<meta property=\"og:locale\" content=\"sl_SI\" \/>\n<meta property=\"og:type\" content=\"article\" \/>\n<meta property=\"og:title\" content=\"Narodni muzej Slovenije - SIJW\" \/>\n<meta property=\"og:description\" content=\"Narodni muzej Slovenije Muzejska 1,Ljubljana Kustosinja Petra Brodar Pridru\u017eite se nam na brezpla\u010dnem tematskem vodenem ogledu stalne razstave Zgodbe s\" \/>\n<meta property=\"og:url\" content=\"https:\/\/slovenianjewelryweek.com\/sl\/rewind\/participants-2022\/narodni-muzej-slovenije\/\" \/>\n<meta property=\"og:site_name\" content=\"SIJW\" \/>\n<meta property=\"article:modified_time\" content=\"2025-04-20T07:54:04+00:00\" \/>\n<meta property=\"og:image\" content=\"https:\/\/slovenianjewelryweek.com\/wp-content\/uploads\/2025\/04\/naroidni-muzej-slo.jpg\" \/>\n<meta name=\"twitter:card\" content=\"summary_large_image\" \/>\n<meta name=\"twitter:label1\" content=\"Est. reading time\" \/>\n\t<meta name=\"twitter:data1\" content=\"2 minuti\" \/>\n<script type=\"application\/ld+json\" class=\"yoast-schema-graph\">{\"@context\":\"https:\/\/schema.org\",\"@graph\":[{\"@type\":\"WebPage\",\"@id\":\"https:\/\/slovenianjewelryweek.com\/sl\/rewind\/participants-2022\/narodni-muzej-slovenije\/\",\"url\":\"https:\/\/slovenianjewelryweek.com\/sl\/rewind\/participants-2022\/narodni-muzej-slovenije\/\",\"name\":\"Narodni muzej Slovenije - SIJW\",\"isPartOf\":{\"@id\":\"https:\/\/slovenianjewelryweek.com\/sl\/#website\"},\"primaryImageOfPage\":{\"@id\":\"https:\/\/slovenianjewelryweek.com\/sl\/rewind\/participants-2022\/narodni-muzej-slovenije\/#primaryimage\"},\"image\":{\"@id\":\"https:\/\/slovenianjewelryweek.com\/sl\/rewind\/participants-2022\/narodni-muzej-slovenije\/#primaryimage\"},\"thumbnailUrl\":\"https:\/\/slovenianjewelryweek.com\/wp-content\/uploads\/2025\/04\/naroidni-muzej-slo.jpg\",\"datePublished\":\"2025-04-19T12:02:48+00:00\",\"dateModified\":\"2025-04-20T07:54:04+00:00\",\"breadcrumb\":{\"@id\":\"https:\/\/slovenianjewelryweek.com\/sl\/rewind\/participants-2022\/narodni-muzej-slovenije\/#breadcrumb\"},\"inLanguage\":\"sl-SI\",\"potentialAction\":[{\"@type\":\"ReadAction\",\"target\":[\"https:\/\/slovenianjewelryweek.com\/sl\/rewind\/participants-2022\/narodni-muzej-slovenije\/\"]}]},{\"@type\":\"ImageObject\",\"inLanguage\":\"sl-SI\",\"@id\":\"https:\/\/slovenianjewelryweek.com\/sl\/rewind\/participants-2022\/narodni-muzej-slovenije\/#primaryimage\",\"url\":\"https:\/\/slovenianjewelryweek.com\/wp-content\/uploads\/2025\/04\/naroidni-muzej-slo.jpg\",\"contentUrl\":\"https:\/\/slovenianjewelryweek.com\/wp-content\/uploads\/2025\/04\/naroidni-muzej-slo.jpg\"},{\"@type\":\"BreadcrumbList\",\"@id\":\"https:\/\/slovenianjewelryweek.com\/sl\/rewind\/participants-2022\/narodni-muzej-slovenije\/#breadcrumb\",\"itemListElement\":[{\"@type\":\"ListItem\",\"position\":1,\"name\":\"Home\",\"item\":\"https:\/\/slovenianjewelryweek.com\/sl\/\"},{\"@type\":\"ListItem\",\"position\":2,\"name\":\"Rewind\",\"item\":\"https:\/\/slovenianjewelryweek.com\/sl\/rewind\/\"},{\"@type\":\"ListItem\",\"position\":3,\"name\":\"Sodelujo\u010di 2022\",\"item\":\"https:\/\/slovenianjewelryweek.com\/sl\/rewind\/participants-2022\/\"},{\"@type\":\"ListItem\",\"position\":4,\"name\":\"Narodni muzej Slovenije\"}]},{\"@type\":\"WebSite\",\"@id\":\"https:\/\/slovenianjewelryweek.com\/sl\/#website\",\"url\":\"https:\/\/slovenianjewelryweek.com\/sl\/\",\"name\":\"SIJW\",\"description\":\"\",\"potentialAction\":[{\"@type\":\"SearchAction\",\"target\":{\"@type\":\"EntryPoint\",\"urlTemplate\":\"https:\/\/slovenianjewelryweek.com\/sl\/?s={search_term_string}\"},\"query-input\":{\"@type\":\"PropertyValueSpecification\",\"valueRequired\":true,\"valueName\":\"search_term_string\"}}],\"inLanguage\":\"sl-SI\"}]}<\/script>\n<!-- \/ Yoast SEO plugin. -->","yoast_head_json":{"title":"Narodni muzej Slovenije - SIJW","robots":{"index":"index","follow":"follow","max-snippet":"max-snippet:-1","max-image-preview":"max-image-preview:large","max-video-preview":"max-video-preview:-1"},"canonical":"https:\/\/slovenianjewelryweek.com\/sl\/rewind\/participants-2022\/narodni-muzej-slovenije\/","og_locale":"sl_SI","og_type":"article","og_title":"Narodni muzej Slovenije - SIJW","og_description":"Narodni muzej Slovenije Muzejska 1,Ljubljana Kustosinja Petra Brodar Pridru\u017eite se nam na brezpla\u010dnem tematskem vodenem ogledu stalne razstave Zgodbe s","og_url":"https:\/\/slovenianjewelryweek.com\/sl\/rewind\/participants-2022\/narodni-muzej-slovenije\/","og_site_name":"SIJW","article_modified_time":"2025-04-20T07:54:04+00:00","og_image":[{"url":"https:\/\/slovenianjewelryweek.com\/wp-content\/uploads\/2025\/04\/naroidni-muzej-slo.jpg","type":"","width":"","height":""}],"twitter_card":"summary_large_image","twitter_misc":{"Est. reading time":"2 minuti"},"schema":{"@context":"https:\/\/schema.org","@graph":[{"@type":"WebPage","@id":"https:\/\/slovenianjewelryweek.com\/sl\/rewind\/participants-2022\/narodni-muzej-slovenije\/","url":"https:\/\/slovenianjewelryweek.com\/sl\/rewind\/participants-2022\/narodni-muzej-slovenije\/","name":"Narodni muzej Slovenije - SIJW","isPartOf":{"@id":"https:\/\/slovenianjewelryweek.com\/sl\/#website"},"primaryImageOfPage":{"@id":"https:\/\/slovenianjewelryweek.com\/sl\/rewind\/participants-2022\/narodni-muzej-slovenije\/#primaryimage"},"image":{"@id":"https:\/\/slovenianjewelryweek.com\/sl\/rewind\/participants-2022\/narodni-muzej-slovenije\/#primaryimage"},"thumbnailUrl":"https:\/\/slovenianjewelryweek.com\/wp-content\/uploads\/2025\/04\/naroidni-muzej-slo.jpg","datePublished":"2025-04-19T12:02:48+00:00","dateModified":"2025-04-20T07:54:04+00:00","breadcrumb":{"@id":"https:\/\/slovenianjewelryweek.com\/sl\/rewind\/participants-2022\/narodni-muzej-slovenije\/#breadcrumb"},"inLanguage":"sl-SI","potentialAction":[{"@type":"ReadAction","target":["https:\/\/slovenianjewelryweek.com\/sl\/rewind\/participants-2022\/narodni-muzej-slovenije\/"]}]},{"@type":"ImageObject","inLanguage":"sl-SI","@id":"https:\/\/slovenianjewelryweek.com\/sl\/rewind\/participants-2022\/narodni-muzej-slovenije\/#primaryimage","url":"https:\/\/slovenianjewelryweek.com\/wp-content\/uploads\/2025\/04\/naroidni-muzej-slo.jpg","contentUrl":"https:\/\/slovenianjewelryweek.com\/wp-content\/uploads\/2025\/04\/naroidni-muzej-slo.jpg"},{"@type":"BreadcrumbList","@id":"https:\/\/slovenianjewelryweek.com\/sl\/rewind\/participants-2022\/narodni-muzej-slovenije\/#breadcrumb","itemListElement":[{"@type":"ListItem","position":1,"name":"Home","item":"https:\/\/slovenianjewelryweek.com\/sl\/"},{"@type":"ListItem","position":2,"name":"Rewind","item":"https:\/\/slovenianjewelryweek.com\/sl\/rewind\/"},{"@type":"ListItem","position":3,"name":"Sodelujo\u010di 2022","item":"https:\/\/slovenianjewelryweek.com\/sl\/rewind\/participants-2022\/"},{"@type":"ListItem","position":4,"name":"Narodni muzej Slovenije"}]},{"@type":"WebSite","@id":"https:\/\/slovenianjewelryweek.com\/sl\/#website","url":"https:\/\/slovenianjewelryweek.com\/sl\/","name":"SIJW","description":"","potentialAction":[{"@type":"SearchAction","target":{"@type":"EntryPoint","urlTemplate":"https:\/\/slovenianjewelryweek.com\/sl\/?s={search_term_string}"},"query-input":{"@type":"PropertyValueSpecification","valueRequired":true,"valueName":"search_term_string"}}],"inLanguage":"sl-SI"}]}},"_links":{"self":[{"href":"https:\/\/slovenianjewelryweek.com\/sl\/wp-json\/wp\/v2\/pages\/11210","targetHints":{"allow":["GET"]}}],"collection":[{"href":"https:\/\/slovenianjewelryweek.com\/sl\/wp-json\/wp\/v2\/pages"}],"about":[{"href":"https:\/\/slovenianjewelryweek.com\/sl\/wp-json\/wp\/v2\/types\/page"}],"author":[{"embeddable":true,"href":"https:\/\/slovenianjewelryweek.com\/sl\/wp-json\/wp\/v2\/users\/1"}],"replies":[{"embeddable":true,"href":"https:\/\/slovenianjewelryweek.com\/sl\/wp-json\/wp\/v2\/comments?post=11210"}],"version-history":[{"count":2,"href":"https:\/\/slovenianjewelryweek.com\/sl\/wp-json\/wp\/v2\/pages\/11210\/revisions"}],"predecessor-version":[{"id":11231,"href":"https:\/\/slovenianjewelryweek.com\/sl\/wp-json\/wp\/v2\/pages\/11210\/revisions\/11231"}],"up":[{"embeddable":true,"href":"https:\/\/slovenianjewelryweek.com\/sl\/wp-json\/wp\/v2\/pages\/11275"}],"wp:attachment":[{"href":"https:\/\/slovenianjewelryweek.com\/sl\/wp-json\/wp\/v2\/media?parent=11210"}],"curies":[{"name":"wp","href":"https:\/\/api.w.org\/{rel}","templated":true}]}}