{"id":11188,"date":"2025-03-24T14:49:15","date_gmt":"2025-03-24T14:49:15","guid":{"rendered":"https:\/\/slovenianjewelryweek.com\/fakulteta-za-dizajn\/"},"modified":"2025-04-20T09:54:03","modified_gmt":"2025-04-20T07:54:03","slug":"fakulteta-za-dizajn","status":"publish","type":"page","link":"https:\/\/slovenianjewelryweek.com\/sl\/rewind\/participants-2022\/fakulteta-za-dizajn\/","title":{"rendered":"Fakulteta za dizajn"},"content":{"rendered":"\t\t<div data-elementor-type=\"wp-page\" data-elementor-id=\"11188\" class=\"elementor elementor-11188 elementor-10004\">\n\t\t\t\t<div class=\"wd-negative-gap elementor-element elementor-element-8213c31 e-flex e-con-boxed e-con e-parent\" data-id=\"8213c31\" data-element_type=\"container\" data-e-type=\"container\">\n\t\t\t\t\t<div class=\"e-con-inner\">\n\t\t\t\t<div class=\"elementor-element elementor-element-65924b9 elementor-widget elementor-widget-wd_image_or_svg\" data-id=\"65924b9\" data-element_type=\"widget\" data-e-type=\"widget\" data-widget_type=\"wd_image_or_svg.default\">\n\t\t\t\t<div class=\"elementor-widget-container\">\n\t\t\t\t\t\n\t\t<div class=\"wd-image text-left\">\n\t\t\t\t\t\t\t\t<img loading=\"lazy\" decoding=\"async\" width=\"401\" height=\"92\" src=\"https:\/\/slovenianjewelryweek.com\/wp-content\/uploads\/2025\/03\/fakulteta-za-dizajn.jpg\" class=\"attachment-full size-full\" alt=\"\" srcset=\"https:\/\/slovenianjewelryweek.com\/wp-content\/uploads\/2025\/03\/fakulteta-za-dizajn.jpg 401w, https:\/\/slovenianjewelryweek.com\/wp-content\/uploads\/2025\/03\/fakulteta-za-dizajn-300x69.jpg 300w\" sizes=\"auto, (max-width: 401px) 100vw, 401px\" \/>\t\t\t\t\t<\/div>\n\n\t\t\t\t\t\t<\/div>\n\t\t\t\t<\/div>\n\t\t\t\t\t<\/div>\n\t\t\t\t<\/div>\n\t\t<div class=\"wd-negative-gap elementor-element elementor-element-389350a e-flex e-con-boxed e-con e-parent\" data-id=\"389350a\" data-element_type=\"container\" data-e-type=\"container\">\n\t\t\t\t\t<div class=\"e-con-inner\">\n\t\t<div class=\"elementor-element elementor-element-bd36224 e-con-full e-flex e-con e-child\" data-id=\"bd36224\" data-element_type=\"container\" data-e-type=\"container\">\n\t\t\t\t<div class=\"elementor-element elementor-element-7205aa3 wd-width-100 elementor-widget elementor-widget-wd_title\" data-id=\"7205aa3\" data-element_type=\"widget\" data-e-type=\"widget\" data-widget_type=\"wd_title.default\">\n\t\t\t\t<div class=\"elementor-widget-container\">\n\t\t\t\t\t\t\t<div class=\"title-wrapper wd-set-mb reset-last-child wd-title-color-default wd-title-style-default wd-title-size-extra-large text-left\">\n\n\t\t\t\n\t\t\t<div class=\"liner-continer\">\n\t\t\t\t<h3 class=\"woodmart-title-container title wd-fontsize-xxxl wd-underline-colored\">Fakulteta za dizajn<\/h3> \n\t\t\t\t\t\t\t<\/div>\n\n\t\t\t\t\t<\/div>\n\t\t\t\t\t\t<\/div>\n\t\t\t\t<\/div>\n\t\t\t\t<div class=\"elementor-element elementor-element-9180ade color-scheme-inherit text-left elementor-widget elementor-widget-text-editor\" data-id=\"9180ade\" data-element_type=\"widget\" data-e-type=\"widget\" data-widget_type=\"text-editor.default\">\n\t\t\t\t<div class=\"elementor-widget-container\">\n\t\t\t\t\t\t\t\t\t<p>Hi\u0161a za dizajn management in inovacije, HDMI,<br>Gerbi\u010deva 51,<br>Ljubljana<\/p>\t\t\t\t\t\t\t\t<\/div>\n\t\t\t\t<\/div>\n\t\t\t\t<\/div>\n\t\t<div class=\"elementor-element elementor-element-7a7aa5f e-con-full e-flex e-con e-child\" data-id=\"7a7aa5f\" data-element_type=\"container\" data-e-type=\"container\">\n\t\t\t\t<div data-ep-wrapper-link=\"{&quot;url&quot;:&quot;#&quot;,&quot;is_external&quot;:&quot;&quot;,&quot;nofollow&quot;:&quot;&quot;,&quot;custom_attributes&quot;:&quot;&quot;}\" style=\"cursor: pointer\" class=\"bdt-element-link elementor-element elementor-element-02d49d4 wd-width-100 elementor-widget elementor-widget-wd_title\" data-id=\"02d49d4\" data-element_type=\"widget\" data-e-type=\"widget\" data-widget_type=\"wd_title.default\">\n\t\t\t\t<div class=\"elementor-widget-container\">\n\t\t\t\t\t\t\t<div class=\"title-wrapper wd-set-mb reset-last-child wd-title-color-default wd-title-style-default wd-title-size-extra-large text-left\">\n\n\t\t\t\n\t\t\t<div class=\"liner-continer\">\n\t\t\t\t<h3 class=\"woodmart-title-container title wd-fontsize-xxxl wd-underline-colored\">Mentorji<\/h3> \n\t\t\t\t\t\t\t<\/div>\n\n\t\t\t\t\t\t\t<div class=\"title-after_title reset-last-child wd-fontsize-s\">\n\t\t\t\t\t<p>vi\u0161.pred. Martina \u0160u\u0161ter\u0161i\u010d<br>(PLETENA FANTAZIJA),<\/p><p>izr.prof. Tanja Devetak<br>(LOST IN TRANSLATION) <\/p><p>izr.prof. Metod \u010cre\u0161nar, MA CSM<br>tehni\u010dna sodelavka Lidija Rotar <\/p>\t\t\t\t<\/div>\n\t\t\t\t\t<\/div>\n\t\t\t\t\t\t<\/div>\n\t\t\t\t<\/div>\n\t\t\t\t<div data-ep-wrapper-link=\"{&quot;url&quot;:&quot;#&quot;,&quot;is_external&quot;:&quot;&quot;,&quot;nofollow&quot;:&quot;&quot;,&quot;custom_attributes&quot;:&quot;&quot;}\" style=\"cursor: pointer\" class=\"bdt-element-link elementor-element elementor-element-a92778f wd-width-100 elementor-widget elementor-widget-wd_title\" data-id=\"a92778f\" data-element_type=\"widget\" data-e-type=\"widget\" data-widget_type=\"wd_title.default\">\n\t\t\t\t<div class=\"elementor-widget-container\">\n\t\t\t\t\t\t\t<div class=\"title-wrapper wd-set-mb reset-last-child wd-title-color-default wd-title-style-default wd-title-size-extra-large text-left\">\n\n\t\t\t\n\t\t\t<div class=\"liner-continer\">\n\t\t\t\t<h3 class=\"woodmart-title-container title wd-fontsize-xxxl wd-underline-colored\">\u0160tudentje<\/h3> \n\t\t\t\t\t\t\t<\/div>\n\n\t\t\t\t\t\t\t<div class=\"title-after_title reset-last-child wd-fontsize-s\">\n\t\t\t\t\t<p>PLETENA FANTAZIJA:<br>Karin Golobi\u010d, Anja Kokalj, Ana Omahen, Eva Rogl Me\u017enar, Lara Turn\u0161ek, Gaja Zadravec, \u0160pela Perc, Edita Kap\u0161 \u0160ikonja, Armin Ferizovi\u0107, Jure Megli\u010d<br><br>LOST IN TRANSLATION: Klaudia Juri\u0107 <\/p>\t\t\t\t<\/div>\n\t\t\t\t\t<\/div>\n\t\t\t\t\t\t<\/div>\n\t\t\t\t<\/div>\n\t\t\t\t<\/div>\n\t\t\t\t\t<\/div>\n\t\t\t\t<\/div>\n\t\t<div class=\"wd-negative-gap elementor-element elementor-element-501383c e-flex e-con-boxed e-con e-parent\" data-id=\"501383c\" data-element_type=\"container\" data-e-type=\"container\">\n\t\t\t\t\t<div class=\"e-con-inner\">\n\t\t\t\t<div class=\"elementor-element elementor-element-83ff93b elementor-widget-divider--view-line elementor-widget elementor-widget-divider\" data-id=\"83ff93b\" data-element_type=\"widget\" data-e-type=\"widget\" data-widget_type=\"divider.default\">\n\t\t\t\t<div class=\"elementor-widget-container\">\n\t\t\t\t\t\t\t<div class=\"elementor-divider\">\n\t\t\t<span class=\"elementor-divider-separator\">\n\t\t\t\t\t\t<\/span>\n\t\t<\/div>\n\t\t\t\t\t\t<\/div>\n\t\t\t\t<\/div>\n\t\t\t\t\t<\/div>\n\t\t\t\t<\/div>\n\t\t<div class=\"wd-negative-gap elementor-element elementor-element-f4dbd21 e-flex e-con-boxed e-con e-parent\" data-id=\"f4dbd21\" data-element_type=\"container\" data-e-type=\"container\">\n\t\t\t\t\t<div class=\"e-con-inner\">\n\t\t\t\t<div class=\"elementor-element elementor-element-b1265b3 elementor-widget elementor-widget-bdt-advanced-image-gallery\" data-id=\"b1265b3\" data-element_type=\"widget\" data-e-type=\"widget\" data-widget_type=\"bdt-advanced-image-gallery.default\">\n\t\t\t\t<div class=\"elementor-widget-container\">\n\t\t\t\t\t\t\t<div id=\"bdt-avdg-b1265b3\" class=\"bdt-ep-advanced-image-gallery bdt-ep-advanced-image-gallery-skin-default bdt-grid bdt-grid-small bdt-child-width-1-1 bdt-child-width-1-1@s bdt-child-width-1-2@m\" data-bdt-grid=\" masonry: true\" data-bdt-lightbox=\"animation: slide;\" data-settings=\"{&quot;id&quot;:&quot;#bdt-avdg-b1265b3&quot;,&quot;tiltShow&quot;:false}\">\n\t\t\t\n\t\t\t\t<div class=\"bdt-ep-advanced-image-gallery-item bdt-transition-toggle\">\n\t\t\t\t\t<div class=\"bdt-ep-advanced-image-gallery-inner\">\n\t\t\t\t\t\t<div class=\"bdt-ep-advanced-image-gallery-thumbnail bdt-transition-toggle\"><img loading=\"lazy\" decoding=\"async\" width=\"1489\" height=\"1535\" src=\"https:\/\/slovenianjewelryweek.com\/wp-content\/uploads\/2025\/04\/IMG-0316.jpg\" class=\"jgalleryImage\" alt=\"Screenshot\" srcset=\"https:\/\/slovenianjewelryweek.com\/wp-content\/uploads\/2025\/04\/IMG-0316.jpg 1489w, https:\/\/slovenianjewelryweek.com\/wp-content\/uploads\/2025\/04\/IMG-0316-291x300.jpg 291w, https:\/\/slovenianjewelryweek.com\/wp-content\/uploads\/2025\/04\/IMG-0316-993x1024.jpg 993w, https:\/\/slovenianjewelryweek.com\/wp-content\/uploads\/2025\/04\/IMG-0316-768x792.jpg 768w\" sizes=\"auto, (max-width: 1489px) 100vw, 1489px\" \/><\/div>\t\t<div class=\"bdt-position-cover bdt-overlay bdt-overlay-default bdt-transition-fade\">\n\t\t\t<div class=\"bdt-ep-advanced-image-gallery-content\">\n\t\t\t\t<div class=\"bdt-ep-advanced-image-gallery-content-inner\">\n\n\t\t\t\t\t\t\t\t\t\t\t\t\t\t\t\t<div class=\"bdt-flex-inline bdt-ep-advanced-image-gallery-item-link-wrapper\">\n\t\t\t\t\t\t\t<a class=\"bdt-position-cover elementor-clickable icon-type-image \" data-elementor-open-lightbox=\"no\" data-caption=\"Screenshot\" data-href=\"https:\/\/slovenianjewelryweek.com\/wp-content\/uploads\/2025\/04\/IMG-0316.jpg\">\n\t\t\t\t\t\t\t\t\t\t\t\t\t\t\t<\/a>\n\t\t\t\t\t\t<\/div>\n\t\t\t\t\t\n\t\t\t\t\t\t\t\t\t<\/div>\n\t\t\t<\/div>\n\t\t<\/div>\n\t\t\t\t\t<\/div>\n\t\t\t\t\t\t\t\t\t<\/div>\n\n\t\t\t\n\t\t\t\t<div class=\"bdt-ep-advanced-image-gallery-item bdt-transition-toggle\">\n\t\t\t\t\t<div class=\"bdt-ep-advanced-image-gallery-inner\">\n\t\t\t\t\t\t<div class=\"bdt-ep-advanced-image-gallery-thumbnail bdt-transition-toggle\"><img loading=\"lazy\" decoding=\"async\" width=\"1314\" height=\"1535\" src=\"https:\/\/slovenianjewelryweek.com\/wp-content\/uploads\/2025\/04\/IMG-0317.jpg\" class=\"jgalleryImage\" alt=\"Screenshot\" srcset=\"https:\/\/slovenianjewelryweek.com\/wp-content\/uploads\/2025\/04\/IMG-0317.jpg 1314w, https:\/\/slovenianjewelryweek.com\/wp-content\/uploads\/2025\/04\/IMG-0317-257x300.jpg 257w, https:\/\/slovenianjewelryweek.com\/wp-content\/uploads\/2025\/04\/IMG-0317-877x1024.jpg 877w, https:\/\/slovenianjewelryweek.com\/wp-content\/uploads\/2025\/04\/IMG-0317-768x897.jpg 768w\" sizes=\"auto, (max-width: 1314px) 100vw, 1314px\" \/><\/div>\t\t<div class=\"bdt-position-cover bdt-overlay bdt-overlay-default bdt-transition-fade\">\n\t\t\t<div class=\"bdt-ep-advanced-image-gallery-content\">\n\t\t\t\t<div class=\"bdt-ep-advanced-image-gallery-content-inner\">\n\n\t\t\t\t\t\t\t\t\t\t\t\t\t\t\t\t<div class=\"bdt-flex-inline bdt-ep-advanced-image-gallery-item-link-wrapper\">\n\t\t\t\t\t\t\t<a class=\"bdt-position-cover elementor-clickable icon-type-image \" data-elementor-open-lightbox=\"no\" data-caption=\"Screenshot\" data-href=\"https:\/\/slovenianjewelryweek.com\/wp-content\/uploads\/2025\/04\/IMG-0317.jpg\">\n\t\t\t\t\t\t\t\t\t\t\t\t\t\t\t<\/a>\n\t\t\t\t\t\t<\/div>\n\t\t\t\t\t\n\t\t\t\t\t\t\t\t\t<\/div>\n\t\t\t<\/div>\n\t\t<\/div>\n\t\t\t\t\t<\/div>\n\t\t\t\t\t\t\t\t\t<\/div>\n\n\t\t\t\n\t\t\t\t<div class=\"bdt-ep-advanced-image-gallery-item bdt-transition-toggle\">\n\t\t\t\t\t<div class=\"bdt-ep-advanced-image-gallery-inner\">\n\t\t\t\t\t\t<div class=\"bdt-ep-advanced-image-gallery-thumbnail bdt-transition-toggle\"><img loading=\"lazy\" decoding=\"async\" width=\"1735\" height=\"1183\" src=\"https:\/\/slovenianjewelryweek.com\/wp-content\/uploads\/2025\/04\/IMG-0318.jpg\" class=\"jgalleryImage\" alt=\"Screenshot\" srcset=\"https:\/\/slovenianjewelryweek.com\/wp-content\/uploads\/2025\/04\/IMG-0318.jpg 1735w, https:\/\/slovenianjewelryweek.com\/wp-content\/uploads\/2025\/04\/IMG-0318-300x205.jpg 300w, https:\/\/slovenianjewelryweek.com\/wp-content\/uploads\/2025\/04\/IMG-0318-1024x698.jpg 1024w, https:\/\/slovenianjewelryweek.com\/wp-content\/uploads\/2025\/04\/IMG-0318-768x524.jpg 768w, https:\/\/slovenianjewelryweek.com\/wp-content\/uploads\/2025\/04\/IMG-0318-1536x1047.jpg 1536w\" sizes=\"auto, (max-width: 1735px) 100vw, 1735px\" \/><\/div>\t\t<div class=\"bdt-position-cover bdt-overlay bdt-overlay-default bdt-transition-fade\">\n\t\t\t<div class=\"bdt-ep-advanced-image-gallery-content\">\n\t\t\t\t<div class=\"bdt-ep-advanced-image-gallery-content-inner\">\n\n\t\t\t\t\t\t\t\t\t\t\t\t\t\t\t\t<div class=\"bdt-flex-inline bdt-ep-advanced-image-gallery-item-link-wrapper\">\n\t\t\t\t\t\t\t<a class=\"bdt-position-cover elementor-clickable icon-type-image \" data-elementor-open-lightbox=\"no\" data-caption=\"Screenshot\" data-href=\"https:\/\/slovenianjewelryweek.com\/wp-content\/uploads\/2025\/04\/IMG-0318.jpg\">\n\t\t\t\t\t\t\t\t\t\t\t\t\t\t\t<\/a>\n\t\t\t\t\t\t<\/div>\n\t\t\t\t\t\n\t\t\t\t\t\t\t\t\t<\/div>\n\t\t\t<\/div>\n\t\t<\/div>\n\t\t\t\t\t<\/div>\n\t\t\t\t\t\t\t\t\t<\/div>\n\n\t\t\t\n\t\t\t\t<div class=\"bdt-ep-advanced-image-gallery-item bdt-transition-toggle\">\n\t\t\t\t\t<div class=\"bdt-ep-advanced-image-gallery-inner\">\n\t\t\t\t\t\t<div class=\"bdt-ep-advanced-image-gallery-thumbnail bdt-transition-toggle\"><img loading=\"lazy\" decoding=\"async\" width=\"1328\" height=\"1535\" src=\"https:\/\/slovenianjewelryweek.com\/wp-content\/uploads\/2025\/04\/IMG-0319-1.jpg\" class=\"jgalleryImage\" alt=\"Screenshot\" srcset=\"https:\/\/slovenianjewelryweek.com\/wp-content\/uploads\/2025\/04\/IMG-0319-1.jpg 1328w, https:\/\/slovenianjewelryweek.com\/wp-content\/uploads\/2025\/04\/IMG-0319-1-260x300.jpg 260w, https:\/\/slovenianjewelryweek.com\/wp-content\/uploads\/2025\/04\/IMG-0319-1-886x1024.jpg 886w, https:\/\/slovenianjewelryweek.com\/wp-content\/uploads\/2025\/04\/IMG-0319-1-768x888.jpg 768w\" sizes=\"auto, (max-width: 1328px) 100vw, 1328px\" \/><\/div>\t\t<div class=\"bdt-position-cover bdt-overlay bdt-overlay-default bdt-transition-fade\">\n\t\t\t<div class=\"bdt-ep-advanced-image-gallery-content\">\n\t\t\t\t<div class=\"bdt-ep-advanced-image-gallery-content-inner\">\n\n\t\t\t\t\t\t\t\t\t\t\t\t\t\t\t\t<div class=\"bdt-flex-inline bdt-ep-advanced-image-gallery-item-link-wrapper\">\n\t\t\t\t\t\t\t<a class=\"bdt-position-cover elementor-clickable icon-type-image \" data-elementor-open-lightbox=\"no\" data-caption=\"Screenshot\" data-href=\"https:\/\/slovenianjewelryweek.com\/wp-content\/uploads\/2025\/04\/IMG-0319-1.jpg\">\n\t\t\t\t\t\t\t\t\t\t\t\t\t\t\t<\/a>\n\t\t\t\t\t\t<\/div>\n\t\t\t\t\t\n\t\t\t\t\t\t\t\t\t<\/div>\n\t\t\t<\/div>\n\t\t<\/div>\n\t\t\t\t\t<\/div>\n\t\t\t\t\t\t\t\t\t<\/div>\n\n\t\t\t\t\t<\/div>\n\t\t\t\t\t<\/div>\n\t\t\t\t<\/div>\n\t\t\t\t\t<\/div>\n\t\t\t\t<\/div>\n\t\t\t\t<\/div>\n\t\t","protected":false},"excerpt":{"rendered":"<p>Fakulteta za dizajn Hi\u0161a za dizajn management in inovacije, HDMI,Gerbi\u010deva 51,Ljubljana Mentorji vi\u0161.pred. Martina \u0160u\u0161ter\u0161i\u010d(PLETENA FANTAZIJA), izr.prof. Tanja Devetak(LOST IN<\/p>\n","protected":false},"author":1,"featured_media":0,"parent":11275,"menu_order":9,"comment_status":"closed","ping_status":"closed","template":"","meta":{"iawp_total_views":1,"footnotes":""},"class_list":["post-11188","page","type-page","status-publish","hentry"],"yoast_head":"<!-- This site is optimized with the Yoast SEO plugin v27.2 - https:\/\/yoast.com\/product\/yoast-seo-wordpress\/ -->\n<title>Fakulteta za dizajn - SIJW<\/title>\n<meta name=\"robots\" content=\"index, follow, max-snippet:-1, max-image-preview:large, max-video-preview:-1\" \/>\n<link rel=\"canonical\" href=\"https:\/\/slovenianjewelryweek.com\/sl\/rewind\/participants-2022\/fakulteta-za-dizajn\/\" \/>\n<meta property=\"og:locale\" content=\"sl_SI\" \/>\n<meta property=\"og:type\" content=\"article\" \/>\n<meta property=\"og:title\" content=\"Fakulteta za dizajn - SIJW\" \/>\n<meta property=\"og:description\" content=\"Fakulteta za dizajn Hi\u0161a za dizajn management in inovacije, HDMI,Gerbi\u010deva 51,Ljubljana Mentorji vi\u0161.pred. Martina \u0160u\u0161ter\u0161i\u010d(PLETENA FANTAZIJA), izr.prof. Tanja Devetak(LOST IN\" \/>\n<meta property=\"og:url\" content=\"https:\/\/slovenianjewelryweek.com\/sl\/rewind\/participants-2022\/fakulteta-za-dizajn\/\" \/>\n<meta property=\"og:site_name\" content=\"SIJW\" \/>\n<meta property=\"article:modified_time\" content=\"2025-04-20T07:54:03+00:00\" \/>\n<meta property=\"og:image\" content=\"https:\/\/slovenianjewelryweek.com\/wp-content\/uploads\/2025\/03\/fakulteta-za-dizajn.jpg\" \/>\n<meta name=\"twitter:card\" content=\"summary_large_image\" \/>\n<meta name=\"twitter:label1\" content=\"Est. reading time\" \/>\n\t<meta name=\"twitter:data1\" content=\"2 minuti\" \/>\n<script type=\"application\/ld+json\" class=\"yoast-schema-graph\">{\"@context\":\"https:\/\/schema.org\",\"@graph\":[{\"@type\":\"WebPage\",\"@id\":\"https:\/\/slovenianjewelryweek.com\/sl\/rewind\/participants-2022\/fakulteta-za-dizajn\/\",\"url\":\"https:\/\/slovenianjewelryweek.com\/sl\/rewind\/participants-2022\/fakulteta-za-dizajn\/\",\"name\":\"Fakulteta za dizajn - SIJW\",\"isPartOf\":{\"@id\":\"https:\/\/slovenianjewelryweek.com\/sl\/#website\"},\"primaryImageOfPage\":{\"@id\":\"https:\/\/slovenianjewelryweek.com\/sl\/rewind\/participants-2022\/fakulteta-za-dizajn\/#primaryimage\"},\"image\":{\"@id\":\"https:\/\/slovenianjewelryweek.com\/sl\/rewind\/participants-2022\/fakulteta-za-dizajn\/#primaryimage\"},\"thumbnailUrl\":\"https:\/\/slovenianjewelryweek.com\/wp-content\/uploads\/2025\/03\/fakulteta-za-dizajn.jpg\",\"datePublished\":\"2025-03-24T14:49:15+00:00\",\"dateModified\":\"2025-04-20T07:54:03+00:00\",\"breadcrumb\":{\"@id\":\"https:\/\/slovenianjewelryweek.com\/sl\/rewind\/participants-2022\/fakulteta-za-dizajn\/#breadcrumb\"},\"inLanguage\":\"sl-SI\",\"potentialAction\":[{\"@type\":\"ReadAction\",\"target\":[\"https:\/\/slovenianjewelryweek.com\/sl\/rewind\/participants-2022\/fakulteta-za-dizajn\/\"]}]},{\"@type\":\"ImageObject\",\"inLanguage\":\"sl-SI\",\"@id\":\"https:\/\/slovenianjewelryweek.com\/sl\/rewind\/participants-2022\/fakulteta-za-dizajn\/#primaryimage\",\"url\":\"https:\/\/slovenianjewelryweek.com\/wp-content\/uploads\/2025\/03\/fakulteta-za-dizajn.jpg\",\"contentUrl\":\"https:\/\/slovenianjewelryweek.com\/wp-content\/uploads\/2025\/03\/fakulteta-za-dizajn.jpg\"},{\"@type\":\"BreadcrumbList\",\"@id\":\"https:\/\/slovenianjewelryweek.com\/sl\/rewind\/participants-2022\/fakulteta-za-dizajn\/#breadcrumb\",\"itemListElement\":[{\"@type\":\"ListItem\",\"position\":1,\"name\":\"Home\",\"item\":\"https:\/\/slovenianjewelryweek.com\/sl\/\"},{\"@type\":\"ListItem\",\"position\":2,\"name\":\"Rewind\",\"item\":\"https:\/\/slovenianjewelryweek.com\/sl\/rewind\/\"},{\"@type\":\"ListItem\",\"position\":3,\"name\":\"Sodelujo\u010di 2022\",\"item\":\"https:\/\/slovenianjewelryweek.com\/sl\/rewind\/participants-2022\/\"},{\"@type\":\"ListItem\",\"position\":4,\"name\":\"Fakulteta za dizajn\"}]},{\"@type\":\"WebSite\",\"@id\":\"https:\/\/slovenianjewelryweek.com\/sl\/#website\",\"url\":\"https:\/\/slovenianjewelryweek.com\/sl\/\",\"name\":\"SIJW\",\"description\":\"\",\"potentialAction\":[{\"@type\":\"SearchAction\",\"target\":{\"@type\":\"EntryPoint\",\"urlTemplate\":\"https:\/\/slovenianjewelryweek.com\/sl\/?s={search_term_string}\"},\"query-input\":{\"@type\":\"PropertyValueSpecification\",\"valueRequired\":true,\"valueName\":\"search_term_string\"}}],\"inLanguage\":\"sl-SI\"}]}<\/script>\n<!-- \/ Yoast SEO plugin. -->","yoast_head_json":{"title":"Fakulteta za dizajn - SIJW","robots":{"index":"index","follow":"follow","max-snippet":"max-snippet:-1","max-image-preview":"max-image-preview:large","max-video-preview":"max-video-preview:-1"},"canonical":"https:\/\/slovenianjewelryweek.com\/sl\/rewind\/participants-2022\/fakulteta-za-dizajn\/","og_locale":"sl_SI","og_type":"article","og_title":"Fakulteta za dizajn - SIJW","og_description":"Fakulteta za dizajn Hi\u0161a za dizajn management in inovacije, HDMI,Gerbi\u010deva 51,Ljubljana Mentorji vi\u0161.pred. Martina \u0160u\u0161ter\u0161i\u010d(PLETENA FANTAZIJA), izr.prof. Tanja Devetak(LOST IN","og_url":"https:\/\/slovenianjewelryweek.com\/sl\/rewind\/participants-2022\/fakulteta-za-dizajn\/","og_site_name":"SIJW","article_modified_time":"2025-04-20T07:54:03+00:00","og_image":[{"url":"https:\/\/slovenianjewelryweek.com\/wp-content\/uploads\/2025\/03\/fakulteta-za-dizajn.jpg","type":"","width":"","height":""}],"twitter_card":"summary_large_image","twitter_misc":{"Est. reading time":"2 minuti"},"schema":{"@context":"https:\/\/schema.org","@graph":[{"@type":"WebPage","@id":"https:\/\/slovenianjewelryweek.com\/sl\/rewind\/participants-2022\/fakulteta-za-dizajn\/","url":"https:\/\/slovenianjewelryweek.com\/sl\/rewind\/participants-2022\/fakulteta-za-dizajn\/","name":"Fakulteta za dizajn - SIJW","isPartOf":{"@id":"https:\/\/slovenianjewelryweek.com\/sl\/#website"},"primaryImageOfPage":{"@id":"https:\/\/slovenianjewelryweek.com\/sl\/rewind\/participants-2022\/fakulteta-za-dizajn\/#primaryimage"},"image":{"@id":"https:\/\/slovenianjewelryweek.com\/sl\/rewind\/participants-2022\/fakulteta-za-dizajn\/#primaryimage"},"thumbnailUrl":"https:\/\/slovenianjewelryweek.com\/wp-content\/uploads\/2025\/03\/fakulteta-za-dizajn.jpg","datePublished":"2025-03-24T14:49:15+00:00","dateModified":"2025-04-20T07:54:03+00:00","breadcrumb":{"@id":"https:\/\/slovenianjewelryweek.com\/sl\/rewind\/participants-2022\/fakulteta-za-dizajn\/#breadcrumb"},"inLanguage":"sl-SI","potentialAction":[{"@type":"ReadAction","target":["https:\/\/slovenianjewelryweek.com\/sl\/rewind\/participants-2022\/fakulteta-za-dizajn\/"]}]},{"@type":"ImageObject","inLanguage":"sl-SI","@id":"https:\/\/slovenianjewelryweek.com\/sl\/rewind\/participants-2022\/fakulteta-za-dizajn\/#primaryimage","url":"https:\/\/slovenianjewelryweek.com\/wp-content\/uploads\/2025\/03\/fakulteta-za-dizajn.jpg","contentUrl":"https:\/\/slovenianjewelryweek.com\/wp-content\/uploads\/2025\/03\/fakulteta-za-dizajn.jpg"},{"@type":"BreadcrumbList","@id":"https:\/\/slovenianjewelryweek.com\/sl\/rewind\/participants-2022\/fakulteta-za-dizajn\/#breadcrumb","itemListElement":[{"@type":"ListItem","position":1,"name":"Home","item":"https:\/\/slovenianjewelryweek.com\/sl\/"},{"@type":"ListItem","position":2,"name":"Rewind","item":"https:\/\/slovenianjewelryweek.com\/sl\/rewind\/"},{"@type":"ListItem","position":3,"name":"Sodelujo\u010di 2022","item":"https:\/\/slovenianjewelryweek.com\/sl\/rewind\/participants-2022\/"},{"@type":"ListItem","position":4,"name":"Fakulteta za dizajn"}]},{"@type":"WebSite","@id":"https:\/\/slovenianjewelryweek.com\/sl\/#website","url":"https:\/\/slovenianjewelryweek.com\/sl\/","name":"SIJW","description":"","potentialAction":[{"@type":"SearchAction","target":{"@type":"EntryPoint","urlTemplate":"https:\/\/slovenianjewelryweek.com\/sl\/?s={search_term_string}"},"query-input":{"@type":"PropertyValueSpecification","valueRequired":true,"valueName":"search_term_string"}}],"inLanguage":"sl-SI"}]}},"_links":{"self":[{"href":"https:\/\/slovenianjewelryweek.com\/sl\/wp-json\/wp\/v2\/pages\/11188","targetHints":{"allow":["GET"]}}],"collection":[{"href":"https:\/\/slovenianjewelryweek.com\/sl\/wp-json\/wp\/v2\/pages"}],"about":[{"href":"https:\/\/slovenianjewelryweek.com\/sl\/wp-json\/wp\/v2\/types\/page"}],"author":[{"embeddable":true,"href":"https:\/\/slovenianjewelryweek.com\/sl\/wp-json\/wp\/v2\/users\/1"}],"replies":[{"embeddable":true,"href":"https:\/\/slovenianjewelryweek.com\/sl\/wp-json\/wp\/v2\/comments?post=11188"}],"version-history":[{"count":2,"href":"https:\/\/slovenianjewelryweek.com\/sl\/wp-json\/wp\/v2\/pages\/11188\/revisions"}],"predecessor-version":[{"id":11191,"href":"https:\/\/slovenianjewelryweek.com\/sl\/wp-json\/wp\/v2\/pages\/11188\/revisions\/11191"}],"up":[{"embeddable":true,"href":"https:\/\/slovenianjewelryweek.com\/sl\/wp-json\/wp\/v2\/pages\/11275"}],"wp:attachment":[{"href":"https:\/\/slovenianjewelryweek.com\/sl\/wp-json\/wp\/v2\/media?parent=11188"}],"curies":[{"name":"wp","href":"https:\/\/api.w.org\/{rel}","templated":true}]}}